{"id":5564,"date":"2024-10-22T12:20:14","date_gmt":"2024-10-22T16:20:14","guid":{"rendered":"https:\/\/artesvisuais-faalc.ufms.br\/?page_id=5564"},"modified":"2024-10-22T12:28:54","modified_gmt":"2024-10-22T16:28:54","slug":"avaliacao-institucional","status":"publish","type":"page","link":"https:\/\/artesvisuais-faalc.ufms.br\/en\/avaliacao-institucional\/","title":{"rendered":"Avalia\u00e7\u00e3o Institucional"},"content":{"rendered":"<h3 class=\"big_title\"><span style=\"font-size: 14pt\">Comiss\u00e3o Setorial de Avalia\u00e7\u00e3o (CSA) FAALC<\/span><\/h3>\n<p><a href=\"https:\/\/artesvisuais-faalc.ufms.br\/files\/2024\/09\/ufms-e1727233700337.jpg\"><img fetchpriority=\"high\" decoding=\"async\" class=\"size-medium wp-image-4935 alignleft\" src=\"https:\/\/artesvisuais-faalc.ufms.br\/files\/2024\/09\/ufms-300x199.jpg\" alt=\"\" width=\"300\" height=\"199\" \/><\/a>A CSA (<strong>Comiss\u00e3o Setorial de Avalia\u00e7\u00e3o<\/strong>) \u00e9 respons\u00e1vel pela elabora\u00e7\u00e3o dos relat\u00f3rios apontando as fragilidades e potencialidades, para o conhecimento dos gestores, colegiados dos cursos e demais inst\u00e2ncias para que indiquem de forma coletiva as \u00e1reas que devem ser implementadas garantindo assim um processo formativo e cont\u00ednuo da avalia\u00e7\u00e3o.<\/p>\n<h3><span style=\"font-size: 12pt\">Clique <a href=\"https:\/\/faalc.ufms.br\/comissao-setorial-de-avaliacao-csa-faalc\/\" target=\"_blank\" rel=\"noopener\">aqui<\/a> e saiba mais.<\/span><\/h3>\n<p>&nbsp;<\/p>\n","protected":false},"excerpt":{"rendered":"<p>Comiss\u00e3o Setorial de Avalia\u00e7\u00e3o (CSA) FAALC A CSA (Comiss\u00e3o Setorial de Avalia\u00e7\u00e3o) \u00e9 respons\u00e1vel pela elabora\u00e7\u00e3o dos relat\u00f3rios apontando as fragilidades e potencialidades, para o conhecimento dos gestores, colegiados dos cursos e demais inst\u00e2ncias para que indiquem de forma coletiva as \u00e1reas que devem ser implementadas garantindo assim um processo formativo e cont\u00ednuo da avalia\u00e7\u00e3o. [&hellip;]<\/p>\n","protected":false},"author":13001,"featured_media":0,"parent":0,"menu_order":0,"comment_status":"closed","ping_status":"closed","template":"","meta":{"footnotes":""},"coauthors":[],"class_list":["post-5564","page","type-page","status-publish","hentry"],"_links":{"self":[{"href":"https:\/\/artesvisuais-faalc.ufms.br\/en\/wp-json\/wp\/v2\/pages\/5564","targetHints":{"allow":["GET"]}}],"collection":[{"href":"https:\/\/artesvisuais-faalc.ufms.br\/en\/wp-json\/wp\/v2\/pages"}],"about":[{"href":"https:\/\/artesvisuais-faalc.ufms.br\/en\/wp-json\/wp\/v2\/types\/page"}],"author":[{"embeddable":true,"href":"https:\/\/artesvisuais-faalc.ufms.br\/en\/wp-json\/wp\/v2\/users\/13001"}],"replies":[{"embeddable":true,"href":"https:\/\/artesvisuais-faalc.ufms.br\/en\/wp-json\/wp\/v2\/comments?post=5564"}],"version-history":[{"count":8,"href":"https:\/\/artesvisuais-faalc.ufms.br\/en\/wp-json\/wp\/v2\/pages\/5564\/revisions"}],"predecessor-version":[{"id":5574,"href":"https:\/\/artesvisuais-faalc.ufms.br\/en\/wp-json\/wp\/v2\/pages\/5564\/revisions\/5574"}],"wp:attachment":[{"href":"https:\/\/artesvisuais-faalc.ufms.br\/en\/wp-json\/wp\/v2\/media?parent=5564"}],"wp:term":[{"taxonomy":"author","embeddable":true,"href":"https:\/\/artesvisuais-faalc.ufms.br\/en\/wp-json\/wp\/v2\/coauthors?post=5564"}],"curies":[{"name":"wp","href":"https:\/\/api.w.org\/{rel}","templated":true}]}}