{"id":5091,"date":"2024-09-30T22:27:59","date_gmt":"2024-10-01T02:27:59","guid":{"rendered":"https:\/\/artesvisuais-faalc.ufms.br\/?page_id=5091"},"modified":"2025-05-12T10:21:46","modified_gmt":"2025-05-12T14:21:46","slug":"nucleo-docente-estruturante-nde-2","status":"publish","type":"page","link":"https:\/\/artesvisuais-faalc.ufms.br\/en\/nucleo-docente-estruturante-nde-2\/","title":{"rendered":"N\u00facleo Docente Estruturante (NDE)"},"content":{"rendered":"<p>O N\u00facleo Docente Estruturante (NDE) tem o papel de promover a integra\u00e7\u00e3o curricular interdisciplinar entre as diversas atividades de ensino presentes no curr\u00edculo. Al\u00e9m disso, deve sugerir estrat\u00e9gias para incentivar o desenvolvimento de linhas de pesquisa e extens\u00e3o, garantindo que as Diretrizes Curriculares Nacionais do curso sejam rigorosamente cumpridas.<\/p>\n","protected":false},"excerpt":{"rendered":"<p>O N\u00facleo Docente Estruturante (NDE) tem o papel de promover a integra\u00e7\u00e3o curricular interdisciplinar entre as diversas atividades de ensino presentes no curr\u00edculo. Al\u00e9m disso, deve sugerir estrat\u00e9gias para incentivar o desenvolvimento de linhas de pesquisa e extens\u00e3o, garantindo que as Diretrizes Curriculares Nacionais do curso sejam rigorosamente cumpridas.<\/p>\n","protected":false},"author":13001,"featured_media":0,"parent":0,"menu_order":0,"comment_status":"closed","ping_status":"closed","template":"","meta":{"footnotes":""},"coauthors":[20],"class_list":["post-5091","page","type-page","status-publish","hentry"],"_links":{"self":[{"href":"https:\/\/artesvisuais-faalc.ufms.br\/en\/wp-json\/wp\/v2\/pages\/5091","targetHints":{"allow":["GET"]}}],"collection":[{"href":"https:\/\/artesvisuais-faalc.ufms.br\/en\/wp-json\/wp\/v2\/pages"}],"about":[{"href":"https:\/\/artesvisuais-faalc.ufms.br\/en\/wp-json\/wp\/v2\/types\/page"}],"author":[{"embeddable":true,"href":"https:\/\/artesvisuais-faalc.ufms.br\/en\/wp-json\/wp\/v2\/users\/13001"}],"replies":[{"embeddable":true,"href":"https:\/\/artesvisuais-faalc.ufms.br\/en\/wp-json\/wp\/v2\/comments?post=5091"}],"version-history":[{"count":2,"href":"https:\/\/artesvisuais-faalc.ufms.br\/en\/wp-json\/wp\/v2\/pages\/5091\/revisions"}],"predecessor-version":[{"id":5727,"href":"https:\/\/artesvisuais-faalc.ufms.br\/en\/wp-json\/wp\/v2\/pages\/5091\/revisions\/5727"}],"wp:attachment":[{"href":"https:\/\/artesvisuais-faalc.ufms.br\/en\/wp-json\/wp\/v2\/media?parent=5091"}],"wp:term":[{"taxonomy":"author","embeddable":true,"href":"https:\/\/artesvisuais-faalc.ufms.br\/en\/wp-json\/wp\/v2\/coauthors?post=5091"}],"curies":[{"name":"wp","href":"https:\/\/api.w.org\/{rel}","templated":true}]}}