{"id":5032,"date":"2024-10-17T22:40:20","date_gmt":"2024-10-18T02:40:20","guid":{"rendered":"https:\/\/artesvisuais-faalc.ufms.br\/?page_id=5032"},"modified":"2024-10-22T12:09:25","modified_gmt":"2024-10-22T16:09:25","slug":"projetos-de-extensao","status":"publish","type":"page","link":"https:\/\/artesvisuais-faalc.ufms.br\/en\/projetos-de-extensao\/","title":{"rendered":"Projetos de Extens\u00e3o"},"content":{"rendered":"<p><a href=\"https:\/\/artesvisuais-faalc.ufms.br\/files\/2024\/10\/Projetos-de-Extensao-portfolio.pdf\" target=\"_blank\" rel=\"noopener\"><img fetchpriority=\"high\" decoding=\"async\" class=\"alignnone wp-image-5406 size-medium\" src=\"https:\/\/artesvisuais-faalc.ufms.br\/files\/2024\/10\/Proj-Extensao-300x169.jpg\" alt=\"\" width=\"300\" height=\"169\" srcset=\"https:\/\/artesvisuais-faalc.ufms.br\/files\/2024\/10\/Proj-Extensao-300x169.jpg 300w, https:\/\/artesvisuais-faalc.ufms.br\/files\/2024\/10\/Proj-Extensao-1024x576.jpg 1024w, https:\/\/artesvisuais-faalc.ufms.br\/files\/2024\/10\/Proj-Extensao-768x432.jpg 768w, https:\/\/artesvisuais-faalc.ufms.br\/files\/2024\/10\/Proj-Extensao-569x320.jpg 569w, https:\/\/artesvisuais-faalc.ufms.br\/files\/2024\/10\/Proj-Extensao.jpg 1500w\" sizes=\"(max-width: 300px) 100vw, 300px\" \/><\/a><\/p>\n<p>Acesse <a href=\"https:\/\/artesvisuais-faalc.ufms.br\/files\/2024\/10\/Projetos-de-Extensao-portfolio.pdf\" target=\"_blank\" rel=\"noopener\">aqui<\/a> a vers\u00e3o PDF<\/p>\n<p>&nbsp;<\/p>\n<p><strong>AO LADO DO CENTRO<\/strong><\/p>\n<p>SERGIO DE MORAES BONILHA FILHO<\/p>\n<p>05\/07\/2021 &#8211; 06\/01\/2021<\/p>\n<p>A partir da publica\u00e7\u00e3o de uma chamada aberta a artistas da regi\u00e3o centro-oeste para realiza\u00e7\u00e3o de uma mostra de arte on-line em ambiente virtual interativo, o projeto &#8220;ao lado do centro&#8221; prop\u00f5e uma estrat\u00e9gia da amplia\u00e7\u00e3o do contato da sociedade em geral com a produ\u00e7\u00e3o intelectual realizada na universidade. Busca tamb\u00e9m uma intensifica\u00e7\u00e3o do contato entre as acad\u00eamicos dos cursos de gradua\u00e7\u00e3o em artes visuais oferecidos na regi\u00e3o centro-oeste e uma maior intera\u00e7\u00e3o desses cursos com a educa\u00e7\u00e3o b\u00e1sica e a comunidade art\u00edstica dessa regi\u00e3o.<br \/>\nTal ambiente virtual, baseado na plataforma Mozilla Hubs, permitir\u00e1 visitas com intera\u00e7\u00e3o em tempo real e ficar\u00e1 dispon\u00edvel para a utiliza\u00e7\u00e3o por docentes da educa\u00e7\u00e3o b\u00e1sica, bem como ao p\u00fablico em geral, que poder\u00e1 visitar a mostra a qualquer momento e consultar a base de dados sobre artistas da regi\u00e3o centro-oeste, formada a partir das inscri\u00e7\u00f5es na chamada. O projeto almeja sua continuidade em m\u00e9dio prazo, reabrindo periodicamente as inscri\u00e7\u00f5es para artistas a cada 6 meses.<\/p>\n<p>&nbsp;<\/p>\n<p>&nbsp;<\/p>\n<p><strong>ARTE, CULTURA, EDUCA\u00c7\u00c3O: ITINER\u00c1RIOS CR\u00cdTICOS LATINO-AMERICANOS<\/strong><\/p>\n<p>SIMONE ROCHA DE ABREU<\/p>\n<p>02\/08\/2021 &#8211; 02\/01\/2022<\/p>\n<p>Esse curso de extens\u00e3o intitulado \u201cArte, Cultura e Educa\u00e7\u00e3o: Itiner\u00e1rios latino-americanos\u201d re\u00fane uma s\u00e9rie de especialistas nas tr\u00eas \u00e1reas de conhecimento focadas, ou seja, arte, cultura e educa\u00e7\u00e3o, promovendo debates que atualizam essas tem\u00e1ticas, al\u00e9m deste curso abordar um escopo de temas que ainda s\u00e3o, de modo geral, pouco presentes nos Projetos Pedag\u00f3gicos dos Cursos (PPC) de Gradua\u00e7\u00e3o, sendo assim o curso vem proporcionar a oportunidade de que os participantes possam ter contatos, informa\u00e7\u00f5es e reflex\u00f5es sobre uma tem\u00e1tica ausente dos PPCs de forma geral dos cursos de gradua\u00e7\u00e3o, que \u00e9 justamente as rela\u00e7\u00f5es\/di\u00e1logos\u00a0 entre arte, cultura e educa\u00e7\u00e3o. na Am\u00e9rica Latina.<\/p>\n<p>&nbsp;<\/p>\n<p>&nbsp;<\/p>\n<p><strong>VI COL\u00d3QUIO DE PESQUISAS EM FUNDAMENTOS, PO\u00c9TICAS E ENSINO DE ARTES VISUAIS \/ I SEMIN\u00c1RIO DE PESQUISAS DO PROFARTES\/FAALC\/UFMS &#8211; ONLINE<\/strong><\/p>\n<p>PAULO CESAR ANTONINI DE SOUZA<\/p>\n<p>29\/10\/2021 &#8211; 28\/12\/2021<\/p>\n<p>O VI Col\u00f3quio de Pesquisas em Fundamentos, Po\u00e9ticas e Ensino de Artes Visuais \/ I Semin\u00e1rio de Pesquisas do ProfArtes\/FAALC\/UFMS\u00a0 (modalidade online), re\u00fane em seu segundo ano por meio do Meet: confer\u00eancias; mesas e rodas de conversa; palestras e oficinas de po\u00e9ticas visuais, tamb\u00e9m, na forma de comunica\u00e7\u00f5es orais, o resultado de pesquisas desenvolvidas por acad\u00eamicos e acad\u00eamicas dos cursos de Artes Visuais Licenciatura e Artes Visuais Bacharelado da Faculdade de Artes, Letras e Comunica\u00e7\u00e3o na Universidade Federal de Mato Grosso do Sul e a divulga\u00e7\u00e3o dos projetos de pesquisa em desenvolvimento por mestrandos do Programa de Mestrado Profissional em Artes (ProfArtes\/FAALC\/UFMS). Originalmente voltado para o p\u00fablico interno da UFMS, docentes do ensino b\u00e1sico, estudantes do ensino m\u00e9dio e a comunidade local, o evento na modalidade online ampliou o alcance de p\u00fablico em 2020 por meio da internet, e neste ano formaliza a participa\u00e7\u00e3o do ProfArtes na parceria do evento acad\u00eamico, articulada tamb\u00e9m pelo apoio de membros do grupo de pesquisas CNPq &#8220;Nucleo de Investiga\u00e7\u00e3o de Fenomenologia em Artes&#8221; (NINFA). Objetivando fomentar a pesquisa e a produ\u00e7\u00e3o em fundamentos (teoria, hist\u00f3ria e cr\u00edtica), po\u00e9ticas e no ensino de artes (visuais, c\u00eanicas, m\u00fasica) por meio do conhecimento institucionalizado pela a\u00e7\u00e3o docente nos Artes Visuais Licenciatura e Artes Visuais Bacharelado da Universidade Federal de Mato Grosso do Sul e no Programa de Mestrado Profissional em Artes, o evento adquire car\u00e1ter significativo para aproxima\u00e7\u00e3o entre o espa\u00e7o universit\u00e1rio e a comunidade de modo geral, compartilhando e divulgando a produ\u00e7\u00e3o de novos profissionais que a partir de 2022 se encontrar\u00e3o inseridos em Mato Grosso do Sul e outros estados do Brasil.<\/p>\n<p>&nbsp;<\/p>\n<p>&nbsp;<\/p>\n<p><strong>NOVOS ESPA\u00c7OS EXPOSITIVOS DE ARTES VISUAIS<\/strong><\/p>\n<p>SERGIO DE MORAES BONILHA FILHO<\/p>\n<p>28\/10\/2021 &#8211; 28\/11\/2021<\/p>\n<p>Inscrita no \u00e2mbito da Semana Mais Cultura 2021, a presente proposta consiste na apresenta\u00e7\u00e3o remota de novos espa\u00e7os expositivos do Bloco 8 da UFMS, que oferecer\u00e3o programa\u00e7\u00e3o cultural e ser\u00e3o visitados presencialmente assim que superada a fase de isolamento imposto pela pandemia de COVID-19. A atividade visa \u00e0 divulga\u00e7\u00e3o pr\u00e9via desses espa\u00e7os que, muito proximamente, atender\u00e3o \u00e0s comunidades interna e externa \u00e0 Universidade. Finalmente, busca-se tamb\u00e9m promover um retorno com \u00e2nimo renovado \u00e0s atividades presenciais, construindo de maneira ainda mais proficiente a produ\u00e7\u00e3o de conhecimento na UFMS.<\/p>\n<p>&nbsp;<\/p>\n<p>&nbsp;<\/p>\n<p><strong>LUME<\/strong><\/p>\n<p>RODRIGO SOMBRA SALES CAMPOS<\/p>\n<p>28\/02\/2022 &#8211; 27\/02\/2025<\/p>\n<p>O Lume \u00e9 um evento dedicado a debater a pr\u00e1tica e o processo criativo de alguns dos mais celebrados fot\u00f3grafos brasileiros. A cada m\u00eas ser\u00e1 realizada uma videoconfer\u00eancias com um fot\u00f3grafo convidado.<\/p>\n<p>&nbsp;<\/p>\n<p>&nbsp;<\/p>\n<p><strong>APARELHOS E AMBIENTES EXPOSITIVOS DOS CURSOS DE ARTES VISUAIS E GAV &#8211; GALERIA DE ARTES VISUAIS &#8211; PROGRAMAS DE CURADORIA, EXPOSI\u00c7\u00c3O E DIFUS\u00c3O CULTURAL.<\/strong><\/p>\n<p>ISAAC ANTONIO CAMARGO<\/p>\n<p>10\/05\/2022 &#8211; 09\/01\/2023<\/p>\n<p>O projeto se destina a manuten\u00e7\u00e3o dos aparelhos e ambientes destinados \u00e0 realiza\u00e7\u00e3o de exposi\u00e7\u00f5es did\u00e1tico-pedag\u00f3gicas e \u00e0 GAV &#8211; Galeria de Artes Visuais &#8211; dos cursos de Artes Visuais &#8211; Bacharelado e Licenciatura, localizada no espa\u00e7o f\u00edsico do Bloco 8.<\/p>\n<p>&nbsp;<\/p>\n<p>&nbsp;<\/p>\n<p><strong>RE\ufb02EX\u00d5ES SOBRE ARTE VISUAL &#8211; PODCAST<\/strong><\/p>\n<p>ISAAC ANTONIO CAMARGO<\/p>\n<p>10\/09\/2022 &#8211; 09\/09\/2024<\/p>\n<p>Desenvolvimento de Projeto de Extens\u00e3o Cultural, por meio de Evento de Extens\u00e3o centrado na produ\u00e7\u00e3o autoral e edi\u00e7\u00e3o de programas editados em PODCAST sobre Arte Visual, para difus\u00e3o de conte\u00fados baseados nos conhecimentos obtidos no contexto da Pesquisa em Arte e de acordo com as diretrizes do EDITAL N\u00ba 6\/2022 &#8211; PROECE\/UFMS SELE\u00c7\u00c3O DE A\u00c7\u00d5ES DE EXTENS\u00c3O SEM FOMENTO DA UFMS EM 2022 &#8211; EXT 2022, cujo objetivo \u00e9 realizar: \u201c&#8230;A\u00e7\u00f5es de Extens\u00e3o no \u00e2mbito da UFMS, sem recursos financeiros da UFMS, nas modalidades Projeto, Curso ou Evento, promovendo o fortalecimento da forma\u00e7\u00e3o acad\u00eamica e da Ci\u00eancia, Tecnologia e Inova\u00e7\u00e3o na UFMS, por meio da intera\u00e7\u00e3o transformadora entre a Universidade e diferentes setores da sociedade\u201d.<br \/>\nSe caracteriza na modalidade de Evento de Extens\u00e3o:<br \/>\n\u201cIV &#8211; Evento: conjunto de a\u00e7\u00f5es que implicam na apresenta\u00e7\u00e3o e\/ou exibi\u00e7\u00e3o p\u00fablica do conhecimento ou produto cultural, cient\u00edfico e tecnol\u00f3gico, desenvolvido, conservado ou reconhecido pela UFMS, que pode ser:<br \/>\na) Evento de extens\u00e3o: objetiva o compartilhamento do conhecimento acad\u00eamico, na sua maioria, com a comunidade externa;\u201d<\/p>\n<p>&nbsp;<\/p>\n<p>&nbsp;<\/p>\n<p><strong>VII COL\u00d3QUIO DE PESQUISAS EM FUNDAMENTOS, PO\u00c9TICAS E ENSINO DE ARTES VISUAIS \/ II SEMIN\u00c1RIO DE PESQUISAS DO PROFARTES\/FAALC\/UFMS<\/strong><\/p>\n<p>PAULO CESAR ANTONINI DE SOUZA<\/p>\n<p>17\/11\/2023 &#8211; 16\/12\/2023<\/p>\n<p>O VII Col\u00f3quio de Pesquisas em Fundamentos, Po\u00e9ticas e Ensino de Artes Visuais \/ II Semin\u00e1rio de Pesquisas do ProfArtes\/FAALC\/UFMS, re\u00fane em seu conjunto de a\u00e7\u00f5es, atividades em modo online s\u00edncrono e presenciais: confer\u00eancias; mesas e rodas de conversa; palestras e oficinas de po\u00e9ticas visuais, tamb\u00e9m, na forma de comunica\u00e7\u00f5es orais, institucionalizando o resultado de pesquisas desenvolvidas por acad\u00eamicos e acad\u00eamicas dos cursos de Artes Visuais Licenciatura e Artes Visuais Bacharelado da Faculdade de Artes, Letras e Comunica\u00e7\u00e3o na Universidade Federal de Mato Grosso do Sul e projetos de pesquisa em desenvolvimento por mestrandos do Programa de Mestrado Profissional em Artes (ProfArtes\/FAALC\/UFMS). Originalmente voltado para o p\u00fablico interno da UFMS, docentes do ensino b\u00e1sico, estudantes do ensino m\u00e9dio e a comunidade local, o evento na modalidade online ampliou o alcance de p\u00fablico em 2020 por meio da internet, integrando desde 2021 a participa\u00e7\u00e3o do ProfArtes na parceria do evento acad\u00eamico, articulada tamb\u00e9m pelo apoio de membros do grupo de pesquisas CNPq &#8220;Nucleo de Investiga\u00e7\u00e3o de Fenomenologia em Artes&#8221; (NINFA). Objetivando fomentar a pesquisa e a produ\u00e7\u00e3o em fundamentos (teoria, hist\u00f3ria e cr\u00edtica), po\u00e9ticas e no ensino de artes (visuais, c\u00eanicas, m\u00fasica) por meio do conhecimento institucionalizado pela a\u00e7\u00e3o docente nos Artes Visuais Licenciatura e Artes Visuais Bacharelado da Universidade Federal de Mato Grosso do Sul e no Programa de Mestrado Profissional em Artes, o evento adquire car\u00e1ter significativo para aproxima\u00e7\u00e3o entre o espa\u00e7o universit\u00e1rio e a comunidade de modo geral, compartilhando e divulgando a produ\u00e7\u00e3o de novos profissionais que a partir de 2023 se encontrar\u00e3o inseridos em Mato Grosso do Sul e outros estados do Brasil.<\/p>\n<p>&nbsp;<\/p>\n<p>&nbsp;<\/p>\n<p><strong>100 ANOS DO MURALISMO MEXICANO E OUTROS MURALISMOS NA AM\u00c9RICA LATINA (1922-2022).<\/strong><\/p>\n<p>SIMONE ROCHA DE ABREU<\/p>\n<p>01\/08\/2023 &#8211; 01\/12\/2023<\/p>\n<p>O curso de extens\u00e3o &#8220;100 anos do Muralismo Mexicano e\u00a0 outros muralismos na Am\u00e9rica Latina\u00a0 (1922-2022)&#8221; abrange as produ\u00e7\u00f5es art\u00edsticas dos murais modernos realizados no M\u00e9xico e seus autores, bem como o contexto hist\u00f3rico, pol\u00edtico e social do per\u00edodo e a partir dos murais modernos ser\u00e1 observados outros murais pela Am\u00e9rica Latina at\u00e9 os dias atuais e que se relacionam com o importante legado deixado pelos muralistas mexicanos.<\/p>\n<p>&nbsp;<\/p>\n<p>&nbsp;<\/p>\n<p><strong>LABORAT\u00d3RIO DE MEDIA\u00c7\u00c3O<\/strong><\/p>\n<p>SIMONE ROCHA DE ABREU<\/p>\n<p>07\/08\/2023 &#8211; 07\/08\/2024<\/p>\n<p>O Laborat\u00f3rio de Media\u00e7\u00e3o \u00e9 uma a\u00e7\u00e3o te\u00f3rico-pr\u00e1tica que discute a a\u00e7\u00e3o do \u201cmediador cultural\u201d destacando-a como uma atividade provocadora, propositiva, criativa, investigativa, dial\u00f3gica e reflexiva, com o objetivo de contribuir para a constru\u00e7\u00e3o de saberes. Este projeto fomenta a percep\u00e7\u00e3o da media\u00e7\u00e3o cultural como o lugar da interdisciplinaridade por excel\u00eancia envolvendo diversas \u00e1reas do conhecimento, tais como: arte, hist\u00f3ria, ci\u00eancias sociais, ecologia e etc. Este projeto percebe a curadoria, o espa\u00e7o do museu ou galeria, o texto de divulga\u00e7\u00e3o, o cat\u00e1logo da mostra, a a\u00e7\u00e3o educativa, a forma\u00e7\u00e3o pr\u00e9via do p\u00fablico e do educador\/mediador como atividades profissionais mediadoras, dentre essas destaca o papel do mediador\/educador nos espa\u00e7os de cultura. Desse modo, enfoca uma s\u00e9rie de pr\u00e1ticas j\u00e1 implementadas em institui\u00e7\u00f5es culturais a partir das quais ser\u00e1 problematizadas quest\u00f5es sobre a pr\u00e1tica mediadora, bem como d\u00e1 luz \u00e0s experi\u00eancias pr\u00e1ticas discentes referente \u00e0 media\u00e7\u00e3o no \u00e2mbito da Galeria de Artes Visuais &#8211; GAV &#8211; que se constitui em um laborat\u00f3rio cadastrado oficialmente na UFMS. O projeto tamb\u00e9m visa promover material de registro de suas a\u00e7\u00f5es em formato de e-book.<\/p>\n<p>&nbsp;<\/p>\n<p>&nbsp;<\/p>\n<p><strong>VIII COL\u00d3QUIO DE PESQUISAS EM FUNDAMENTOS, PO\u00c9TICAS E ENSINO DE ARTES VISUAIS E III SEMIN\u00c1RIO DO MESTRADO PROFISSIONAL EM ARTES <\/strong><\/p>\n<p>PAULO CESAR ANTONINI DE SOUZA<\/p>\n<p>16\/11\/2023 &#8211; 15\/12\/2023<\/p>\n<p>O VIII Col\u00f3quio de Pesquisas em Fundamentos, Po\u00e9ticas e Ensino de Artes Visuais e III Semin\u00e1rio de Pesquisas do ProfArtes\/ FAALC\/UFMS \u00e9 um evento de car\u00e1ter cient\u00edfico decorrente do projeto de extens\u00e3o hom\u00f4nimo, integrado \u00e0 gradua\u00e7\u00e3o dos cursos de Licenciatura e Bacharelado em Artes Visuais e do curso de Mestrado Profissional em Arte em Rede Nacional, da Faculdade de Artes (FAALC), Letras e Comunica\u00e7\u00e3o da Universidade Federal de Mato Grosso do Sul (UFMS). O evento re\u00fane confer\u00eancias, mesas de discuss\u00e3o, palestras e a exposi\u00e7\u00e3o de cria\u00e7\u00f5es em po\u00e9ticas visuais, bem como comunica\u00e7\u00f5es orais que apresentam os resultados de pesquisas realizadas por estudantes dos cursos de gradua\u00e7\u00e3o e investiga\u00e7\u00f5es em desenvolvimento na p\u00f3s-gradua\u00e7\u00e3o. Tendo como objetivo principal promover a pesquisa e a produ\u00e7\u00e3o de conhecimento em fundamentos (teoria, hist\u00f3ria e cr\u00edtica), nas po\u00e9ticas e no ensino das Artes Visuais, por meio do evento final, o projeto de extens\u00e3o amplifica sua base de atua\u00e7\u00e3o para as linguagens das Artes C\u00eanicas e para a M\u00fasica, contando com contribui\u00e7\u00f5es de membros do grupo de pesquisa CNPq &#8220;N\u00facleo de Investiga\u00e7\u00e3o de Fenomenologia em Artes&#8221; (NINFA). Esse evento desempenha um papel significativo ao aproximar o ambiente universit\u00e1rio da comunidade em geral, compartilhando e divulgando a produ\u00e7\u00e3o de novos profissionais que, a partir de 2024, estar\u00e3o inseridos em Mato Grosso do Sul e outros estados do Brasil.<\/p>\n<p>&nbsp;<\/p>\n<p>&nbsp;<\/p>\n<p><strong>EXPOSI\u00c7\u00c3O FOTOGR\u00c1FICA PARA A DISCIPLINA DE FOTOGRAFIA (ARTES VISUAIS)<\/strong><\/p>\n<p>FELIPE CORREA BOMFIM<\/p>\n<p>17\/06\/2024 &#8211; 17\/08\/2024<\/p>\n<p>A exposi\u00e7\u00e3o fotogr\u00e1fica para a Disciplina de Fotografia (Artes Visuais) ser\u00e1 organizada em ambiente f\u00edsico e virtual, entre docente e alunos.<br \/>\nA exposi\u00e7\u00e3o ser\u00e1 o resultado de um dos trabalhos realizados ao longo da disciplina, com enfoque em ensaios fotogr\u00e1ficos individuais dos alunos.<br \/>\nNesta exposi\u00e7\u00e3o os alunos dever\u00e3o apresentar um pequeno resumo do ensaio realizado a partir de 3 a 5 fotografias, j\u00e1 apresentado na disciplina de Fotografia, em Artes Visuais.<br \/>\nAlmeja-se organizar a exposi\u00e7\u00e3o nos espa\u00e7os do Museu da Imagem e do Som, na cidade de Campo Grande. Temos ainda a inten\u00e7\u00e3o de organizar uma pequena exposi\u00e7\u00e3o \u00e9 virtual atrav\u00e9s da plataforma Behance, voltada ao campo das artes visuais.<\/p>\n<p>&nbsp;<\/p>\n<p>&nbsp;<\/p>\n<p><strong>ARTE, PESQUISA E EPISTEMOLOGIAS<\/strong><\/p>\n<p>PAULO CESAR ANTONINI DE SOUZA<\/p>\n<p>19\/08\/2024 &#8211; 19\/08\/2028<\/p>\n<p>O projeto de extens\u00e3o &#8220;Arte, pesquisa e epistemologias&#8221; visa contribuir para a forma\u00e7\u00e3o integral de estudantes de Artes Visuais Licenciatura e Artes Visuais Bacharelado da UFMS, especificamente do 6\u00ba e 8\u00ba semestres. Iniciado informalmente em 2015, foi formalizado em 2016 e expandido ao longo dos anos, para um evento acad\u00eamico p\u00fablico, incluindo confer\u00eancias, rodas de conversa, palestras, mesas redondas e apresenta\u00e7\u00f5es de pesquisas. O projeto de extens\u00e3o se integra \u00e0s disciplinas Epistemologia e Pesquisa no Ensino de Artes Visuais e Processos de Ensino e Aprendizagem em Artes Visuais II (Licenciatura) e Pesquisa em Arte II e Semin\u00e1rios de Arte e Pesquisa II (Bacharelado), garantindo a articula\u00e7\u00e3o entre ensino, pesquisa e extens\u00e3o nos termos que determina a Resolu\u00e7\u00e3o n\u00ba 7 de 2018 e que regulamente a Resolu\u00e7\u00e3o n\u00ba 223-COEX\/UFMS de 2023. As atividades s\u00e3o coordenadas pelo grupo de pesquisa NINFA e supervisionadas por docentes dos cursos de Artes Visuais, abrangendo defesa p\u00fablica de TCCs, apresenta\u00e7\u00f5es de pesquisas e mesas redondas. Espera-se capacitar os discentes em gest\u00e3o, curadoria e media\u00e7\u00e3o de eventos, contribuindo com o fomento da produ\u00e7\u00e3o cient\u00edfica e fortalecendo o compromisso social e intercultural da universidade, a partir do desenvolvimento de compet\u00eancias que promovam reflex\u00f5es est\u00e9ticas, sociais e culturais.<\/p>\n<p>&nbsp;<\/p>\n<p>&nbsp;<\/p>\n<p><strong>FEIRA CAPIVARA \u2013 PUBLICA\u00c7\u00d5ES ART\u00cdSTICAS SOBRE PAPEL &#8211; 2024<\/strong><\/p>\n<p>CONSTAN\u00c7A MARIA LIMA DE ALMEIDA LUCAS<\/p>\n<p>23\/09\/2024 &#8211; 23\/10\/2024<\/p>\n<p>A Feira Capivara \u00e9 uma A\u00e7\u00e3o cultural dentro do campus que amplia\u00a0 a &#8220;alfabetiza\u00e7\u00e3o art\u00edstica&#8221; \/ o conhecimento sobre arte atrav\u00e9s das realiza\u00e7\u00f5es art\u00edsticas dos discentes de artes visuais por parte dos outros discentes de cursos diversos que circulam no campus UFMS Campo Grande. Proporciona a troca de saberes entre os diversos p\u00fablicos. Redimensiona e potencializa a autoestima dos discentes envolvidos. As publica\u00e7\u00f5es art\u00edsticas s\u00e3o uma forma de democratiza\u00e7\u00e3o das artes visuais, um dos maiores interesses da realiza\u00e7\u00e3o da Feira Capivara Publica\u00e7\u00f5es Art\u00edsticas \u00e9 tornar acess\u00edvel a todos as po\u00e9ticas visuais. Aqui em Campo Grande faz-se necess\u00e1rio a exist\u00eancia de a\u00e7\u00f5es desta natureza, pela proximidade e capacidade transformadora.<\/p>\n<p>&nbsp;<\/p>\n<p>&nbsp;<\/p>\n<p><strong>PROGRAMA TRILHA RUPESTRE<\/strong><\/p>\n<p>ROZANA VANESSA FAGUNDES VALENTIM DE GODOI<\/p>\n<p>2021 &#8211; 2026<\/p>\n<p>O Programa Trilha Rupestre em andamento \u2013 envolve diferentes cursos de gradua\u00e7\u00e3o da UFMS, e desenvolve pesquisas a partir dos s\u00edtios arqueol\u00f3gicos da regi\u00e3o norte de MS, sob coordena\u00e7\u00e3o geral da Diretora de Populariza\u00e7\u00e3o da Ci\u00eancia, profa. Lia Raquel Toledo Brambilla, tem o eixo arte, coordenado pela professora Rozana Valentim de Godoi e professores participantes como: Simone Abreu, Sergio Bonilha e Constan\u00e7a Lucas. O programa envolve parcerias e acordos de coopera\u00e7\u00e3o com prefeituras dos munic\u00edpios de MS por meio do (COINTRA), acordo de coopera\u00e7\u00e3o com a UFSM e com o Instituto Polit\u00e9cnico de TOMAR (Portugal).<\/p>\n<p>&nbsp;<\/p>\n<p>&nbsp;<\/p>\n<p><strong>PAISAGENS DO INTERIOR: REPRESENTA\u00c7\u00d5ES ART\u00cdSTICAS CONSTRU\u00cdDAS EM COMUNIDADES<\/strong><\/p>\n<p>ROZANA VANESSA FAGUNDES VALENTIM DE GODOI<\/p>\n<p>2024 &#8211; 2026<\/p>\n<p>Paisagens do Interior: representa\u00e7\u00f5es art\u00edsticas constru\u00eddas em comunidades, coordenado pela profa. Rozana Valentim de Godoi, e financiado com fomento externo da FUNDECT, tem, dentre suas proposi\u00e7\u00f5es, s\u00ednteses imag\u00e9ticas das paisagens representadas por diversas linguagens da arte: fotografia, desenho, pintura e cer\u00e2mica, por meio de oficinas de produ\u00e7\u00e3o art\u00edstica e constru\u00e7\u00e3o de um memorial cr\u00edtico por parte dos pesquisadores e dos sujeitos das comunidades parceiras. Esse memorial gerar\u00e1 produtos s\u00ednteses, baseados nas Paisagens do Interior, que poder\u00e3o fortalecer a bioeconomia de cada comunidade parceira, esse projeto tem dura\u00e7\u00e3o de 2024 a 2026.<\/p>\n<p>&nbsp;<\/p>\n","protected":false},"excerpt":{"rendered":"<p>Acesse aqui a vers\u00e3o PDF &nbsp; AO LADO DO CENTRO SERGIO DE MORAES BONILHA FILHO 05\/07\/2021 &#8211; 06\/01\/2021 A partir da publica\u00e7\u00e3o de uma chamada aberta a artistas da regi\u00e3o centro-oeste para realiza\u00e7\u00e3o de uma mostra de arte on-line em ambiente virtual interativo, o projeto &#8220;ao lado do centro&#8221; prop\u00f5e uma estrat\u00e9gia da amplia\u00e7\u00e3o do [&hellip;]<\/p>\n","protected":false},"author":47465,"featured_media":0,"parent":0,"menu_order":0,"comment_status":"closed","ping_status":"closed","template":"","meta":{"footnotes":""},"coauthors":[],"class_list":["post-5032","page","type-page","status-publish","hentry"],"_links":{"self":[{"href":"https:\/\/artesvisuais-faalc.ufms.br\/en\/wp-json\/wp\/v2\/pages\/5032","targetHints":{"allow":["GET"]}}],"collection":[{"href":"https:\/\/artesvisuais-faalc.ufms.br\/en\/wp-json\/wp\/v2\/pages"}],"about":[{"href":"https:\/\/artesvisuais-faalc.ufms.br\/en\/wp-json\/wp\/v2\/types\/page"}],"author":[{"embeddable":true,"href":"https:\/\/artesvisuais-faalc.ufms.br\/en\/wp-json\/wp\/v2\/users\/47465"}],"replies":[{"embeddable":true,"href":"https:\/\/artesvisuais-faalc.ufms.br\/en\/wp-json\/wp\/v2\/comments?post=5032"}],"version-history":[{"count":7,"href":"https:\/\/artesvisuais-faalc.ufms.br\/en\/wp-json\/wp\/v2\/pages\/5032\/revisions"}],"predecessor-version":[{"id":5563,"href":"https:\/\/artesvisuais-faalc.ufms.br\/en\/wp-json\/wp\/v2\/pages\/5032\/revisions\/5563"}],"wp:attachment":[{"href":"https:\/\/artesvisuais-faalc.ufms.br\/en\/wp-json\/wp\/v2\/media?parent=5032"}],"wp:term":[{"taxonomy":"author","embeddable":true,"href":"https:\/\/artesvisuais-faalc.ufms.br\/en\/wp-json\/wp\/v2\/coauthors?post=5032"}],"curies":[{"name":"wp","href":"https:\/\/api.w.org\/{rel}","templated":true}]}}