{"id":5024,"date":"2024-09-26T11:08:21","date_gmt":"2024-09-26T15:08:21","guid":{"rendered":"https:\/\/artesvisuais-faalc.ufms.br\/?page_id=5024"},"modified":"2024-10-13T10:50:35","modified_gmt":"2024-10-13T14:50:35","slug":"corpo-docente","status":"publish","type":"page","link":"https:\/\/artesvisuais-faalc.ufms.br\/en\/corpo-docente\/","title":{"rendered":"Corpo Docente"},"content":{"rendered":"<table style=\"border-collapse: collapse;width: 100%;height: 170px\">\n<tbody>\n<tr>\n<td style=\"width: 40.1609%;text-align: center\"><a href=\"https:\/\/artesvisuais-faalc.ufms.br\/files\/2024\/10\/prof-av-1.png\"><img fetchpriority=\"high\" decoding=\"async\" class=\"alignnone size-medium wp-image-5329\" src=\"https:\/\/artesvisuais-faalc.ufms.br\/files\/2024\/10\/prof-av-1-300x180.png\" alt=\"\" width=\"300\" height=\"180\" srcset=\"https:\/\/artesvisuais-faalc.ufms.br\/files\/2024\/10\/prof-av-1-300x180.png 300w, https:\/\/artesvisuais-faalc.ufms.br\/files\/2024\/10\/prof-av-1.png 500w\" sizes=\"(max-width: 300px) 100vw, 300px\" \/><\/a><\/td>\n<td style=\"width: 59.8391%\"><strong>Constan\u00e7a Maria Lima de Almeida Lucas<br \/>\n<\/strong>constanca.lucas@ufms.br <a style=\"font-family: inherit;font-size: inherit\" href=\"http:\/\/buscatextual.cnpq.br\/buscatextual\/visualizacv.do?id=K4775664A8\">Curr\u00edculo Lattes<\/a><\/td>\n<\/tr>\n<tr>\n<td style=\"width: 40.1609%;text-align: center\"><a href=\"https:\/\/artesvisuais-faalc.ufms.br\/files\/2024\/10\/prof-av-2.png\"><img decoding=\"async\" class=\"alignnone size-medium wp-image-5330\" src=\"https:\/\/artesvisuais-faalc.ufms.br\/files\/2024\/10\/prof-av-2-300x180.png\" alt=\"\" width=\"300\" height=\"180\" srcset=\"https:\/\/artesvisuais-faalc.ufms.br\/files\/2024\/10\/prof-av-2-300x180.png 300w, https:\/\/artesvisuais-faalc.ufms.br\/files\/2024\/10\/prof-av-2.png 500w\" sizes=\"(max-width: 300px) 100vw, 300px\" \/><\/a><\/td>\n<td style=\"width: 59.8391%\"><strong>Elomar Bakonyi<br \/>\n<\/strong>elomar.bakonyi@ufms.br <a style=\"font-family: inherit;font-size: inherit\" href=\"http:\/\/buscatextual.cnpq.br\/buscatextual\/visualizacv.do?id=K4265763Y6\">Curr\u00edculo Lattes<\/a><\/td>\n<\/tr>\n<tr>\n<td style=\"width: 40.1609%;text-align: center\"><a href=\"https:\/\/artesvisuais-faalc.ufms.br\/files\/2024\/10\/11.png\"><img decoding=\"async\" class=\"alignnone size-medium wp-image-5355\" src=\"https:\/\/artesvisuais-faalc.ufms.br\/files\/2024\/10\/11-300x180.png\" alt=\"\" width=\"300\" height=\"180\" srcset=\"https:\/\/artesvisuais-faalc.ufms.br\/files\/2024\/10\/11-300x180.png 300w, https:\/\/artesvisuais-faalc.ufms.br\/files\/2024\/10\/11.png 500w\" sizes=\"(max-width: 300px) 100vw, 300px\" \/><\/a><\/td>\n<td style=\"width: 59.8391%\"><strong>Felipe Corr\u00eaa Bomfim<br \/>\n<\/strong>felipe.bomfim@ufms.br <a style=\"font-family: inherit;font-size: inherit\" href=\"http:\/\/lattes.cnpq.br\/1383707716085211\">Curr\u00edculo Lattes<\/a><\/td>\n<\/tr>\n<tr>\n<td style=\"width: 40.1609%;text-align: center\"><a href=\"https:\/\/artesvisuais-faalc.ufms.br\/files\/2024\/10\/prof-av-3.png\"><img loading=\"lazy\" decoding=\"async\" class=\"alignnone size-medium wp-image-5331\" src=\"https:\/\/artesvisuais-faalc.ufms.br\/files\/2024\/10\/prof-av-3-300x180.png\" alt=\"\" width=\"300\" height=\"180\" srcset=\"https:\/\/artesvisuais-faalc.ufms.br\/files\/2024\/10\/prof-av-3-300x180.png 300w, https:\/\/artesvisuais-faalc.ufms.br\/files\/2024\/10\/prof-av-3.png 500w\" sizes=\"(max-width: 300px) 100vw, 300px\" \/><\/a><\/td>\n<td style=\"width: 59.8391%\"><strong>Isaac Antonio Camargo<br \/>\n<\/strong>isaac.camargo@ufms.br <a style=\"font-family: inherit;font-size: inherit\" href=\"http:\/\/buscatextual.cnpq.br\/buscatextual\/visualizacv.do?id=K4790878E4\">Curr\u00edculo Lattes<\/a><\/td>\n<\/tr>\n<tr>\n<td style=\"width: 40.1609%;text-align: center\"><a href=\"https:\/\/artesvisuais-faalc.ufms.br\/files\/2024\/10\/5.png\"><img loading=\"lazy\" decoding=\"async\" class=\"alignnone size-medium wp-image-5349\" src=\"https:\/\/artesvisuais-faalc.ufms.br\/files\/2024\/10\/5-300x180.png\" alt=\"\" width=\"300\" height=\"180\" srcset=\"https:\/\/artesvisuais-faalc.ufms.br\/files\/2024\/10\/5-300x180.png 300w, https:\/\/artesvisuais-faalc.ufms.br\/files\/2024\/10\/5.png 500w\" sizes=\"(max-width: 300px) 100vw, 300px\" \/><\/a><\/td>\n<td style=\"width: 59.8391%\"><strong>Joaquim S\u00e9rgio Borgato<br \/>\n<\/strong>joaquim.borgato@ufms.br <a style=\"font-family: inherit;font-size: inherit\" href=\"http:\/\/buscatextual.cnpq.br\/buscatextual\/visualizacv.do?id=K4736965A1\">Curr\u00edculo Lattes<\/a><\/td>\n<\/tr>\n<tr style=\"height: 200px\">\n<td style=\"width: 40.1609%;height: 10px;text-align: center\"><a href=\"https:\/\/artesvisuais-faalc.ufms.br\/files\/2024\/10\/12.png\"><img loading=\"lazy\" decoding=\"async\" class=\"alignnone size-medium wp-image-5356\" src=\"https:\/\/artesvisuais-faalc.ufms.br\/files\/2024\/10\/12-300x180.png\" alt=\"\" width=\"300\" height=\"180\" srcset=\"https:\/\/artesvisuais-faalc.ufms.br\/files\/2024\/10\/12-300x180.png 300w, https:\/\/artesvisuais-faalc.ufms.br\/files\/2024\/10\/12.png 500w\" sizes=\"(max-width: 300px) 100vw, 300px\" \/><\/a><\/td>\n<td style=\"width: 59.8391%;height: 10px\"><strong>Maria Alice Porto Rossi<\/strong><br \/>\nalice.rossi@ufms.br <a href=\"http:\/\/buscatextual.cnpq.br\/buscatextual\/visualizacv.do?id=K4768325E1\">Curr\u00edculo Lattes<\/a><\/td>\n<\/tr>\n<tr style=\"height: 200px\">\n<td style=\"width: 40.1609%;height: 18px;text-align: center\"><a href=\"https:\/\/artesvisuais-faalc.ufms.br\/files\/2024\/10\/prof-av-6.png\"><img loading=\"lazy\" decoding=\"async\" class=\"alignnone size-medium wp-image-5340\" src=\"https:\/\/artesvisuais-faalc.ufms.br\/files\/2024\/10\/prof-av-6-300x180.png\" alt=\"\" width=\"300\" height=\"180\" srcset=\"https:\/\/artesvisuais-faalc.ufms.br\/files\/2024\/10\/prof-av-6-300x180.png 300w, https:\/\/artesvisuais-faalc.ufms.br\/files\/2024\/10\/prof-av-6.png 500w\" sizes=\"(max-width: 300px) 100vw, 300px\" \/><\/a><\/td>\n<td style=\"width: 59.8391%;height: 18px\"><strong>Paulo C\u00e9sar Antonini de Souza<\/strong><br \/>\npaulo.antonini@ufms.br <a href=\"http:\/\/buscatextual.cnpq.br\/buscatextual\/visualizacv.do?id=K4177500Y0\">Curr\u00edculo Lattes<\/a><\/td>\n<\/tr>\n<tr style=\"height: 200px\">\n<td style=\"width: 40.1609%;height: 24px;text-align: center\"><a href=\"https:\/\/artesvisuais-faalc.ufms.br\/files\/2024\/10\/7.png\"><img loading=\"lazy\" decoding=\"async\" class=\"alignnone size-medium wp-image-5352\" src=\"https:\/\/artesvisuais-faalc.ufms.br\/files\/2024\/10\/7-300x180.png\" alt=\"\" width=\"300\" height=\"180\" srcset=\"https:\/\/artesvisuais-faalc.ufms.br\/files\/2024\/10\/7-300x180.png 300w, https:\/\/artesvisuais-faalc.ufms.br\/files\/2024\/10\/7.png 500w\" sizes=\"(max-width: 300px) 100vw, 300px\" \/><\/a><\/td>\n<td style=\"width: 59.8391%;height: 24px\"><strong>Paulo C\u00e9sar Duarte Paes<\/strong><br \/>\npaulo.paes@ufms.br <a href=\"http:\/\/buscatextual.cnpq.br\/buscatextual\/visualizacv.do?id=K4795849D0&amp;tokenCaptchar=03AGdBq27xYKgHHC-sIdU4K6gNPua8JYzDkDRdlTm73_v8NhDAyKrrHO-swEU_G5s6gPweJf0bb7yS4MNAHCmM2GetFyyWEaJHsBWTBox4fexdy7QDHrKq8w6JcuoGB1aO_i2ZVF18oUqjr4RLEi9TyKfgLpJsORb4W3cGGEtj3Si5ygVCaiR-4j0U-30noB4T4niMdg2ihSw4oPO2vaJcmWOQoOaMicOsh1LHnBg5OgKgLXQctAFbzOdh2JCoov7VtR7gyenhw6ZJYSZmzGsyebaQm_KguGhTGIdxfM3r_Gn87uJGvbyj2PVAqAIVzLK_exfDiXDlo-fL30GwNMy9yq6slcYpkoBFZfjFdgyfk-7YP91JYGf7eeYv-8Bh9_TWmTtS3lrsx6TeaQEIggELizRBIi38e6Wu_hpgJFy48GGg3FKUYeZ0h9OoQ_QdbRrfMwudzwjsn1JUxIFxFi5eLc0tMo45A81yqQ\">Curr\u00edculo Lattes<\/a><\/td>\n<\/tr>\n<tr style=\"height: 200px\">\n<td style=\"width: 40.1609%;height: 10px;text-align: center\"><a href=\"https:\/\/artesvisuais-faalc.ufms.br\/files\/2024\/10\/8-1.png\"><img loading=\"lazy\" decoding=\"async\" class=\"alignnone size-medium wp-image-5360\" src=\"https:\/\/artesvisuais-faalc.ufms.br\/files\/2024\/10\/8-1-300x180.png\" alt=\"\" width=\"300\" height=\"180\" srcset=\"https:\/\/artesvisuais-faalc.ufms.br\/files\/2024\/10\/8-1-300x180.png 300w, https:\/\/artesvisuais-faalc.ufms.br\/files\/2024\/10\/8-1.png 500w\" sizes=\"(max-width: 300px) 100vw, 300px\" \/><\/a><\/td>\n<td style=\"width: 59.8391%;height: 10px\"><strong>Priscila de Paula Pessoa<\/strong><br \/>\npriscilla.pessoa@ufms.br <a href=\"http:\/\/buscatextual.cnpq.br\/buscatextual\/visualizacv.do?id=K4556890Y5\">Curr\u00edculo Lattes<\/a><\/td>\n<\/tr>\n<tr style=\"height: 200px\">\n<td style=\"width: 40.1609%;height: 10px;text-align: center\"><a href=\"https:\/\/artesvisuais-faalc.ufms.br\/files\/2024\/10\/prof-av-9.png\"><img loading=\"lazy\" decoding=\"async\" class=\"alignnone size-medium wp-image-5343\" src=\"https:\/\/artesvisuais-faalc.ufms.br\/files\/2024\/10\/prof-av-9-300x180.png\" alt=\"\" width=\"300\" height=\"180\" srcset=\"https:\/\/artesvisuais-faalc.ufms.br\/files\/2024\/10\/prof-av-9-300x180.png 300w, https:\/\/artesvisuais-faalc.ufms.br\/files\/2024\/10\/prof-av-9.png 500w\" sizes=\"(max-width: 300px) 100vw, 300px\" \/><\/a><\/td>\n<td style=\"width: 59.8391%;height: 10px\"><strong>Rafael Duailibi Maldonado<\/strong><br \/>\nrafael.maldonado@ufms.br <a href=\"http:\/\/buscatextual.cnpq.br\/buscatextual\/visualizacv.do?id=K4717505D1\">Curr\u00edculo Lattes<\/a><\/td>\n<\/tr>\n<tr>\n<td style=\"width: 40.1609%;text-align: center\"><a href=\"https:\/\/artesvisuais-faalc.ufms.br\/files\/2024\/10\/10.png\"><img loading=\"lazy\" decoding=\"async\" class=\"alignnone size-medium wp-image-5354\" src=\"https:\/\/artesvisuais-faalc.ufms.br\/files\/2024\/10\/10-300x180.png\" alt=\"\" width=\"300\" height=\"180\" srcset=\"https:\/\/artesvisuais-faalc.ufms.br\/files\/2024\/10\/10-300x180.png 300w, https:\/\/artesvisuais-faalc.ufms.br\/files\/2024\/10\/10.png 500w\" sizes=\"(max-width: 300px) 100vw, 300px\" \/><\/a><\/td>\n<td style=\"width: 59.8391%\"><strong>Rodrigo Sombra<br \/>\n<\/strong>rodrigo.sombra@ufms.br <a href=\"http:\/\/lattes.cnpq.br\/3361856321487834\">Curr\u00edculo Lattes<\/a><\/td>\n<\/tr>\n<tr style=\"height: 200px\">\n<td style=\"width: 40.1609%;height: 18px;text-align: center\"><a href=\"https:\/\/artesvisuais-faalc.ufms.br\/files\/2024\/10\/14.png\"><img loading=\"lazy\" decoding=\"async\" class=\"alignnone size-medium wp-image-5358\" src=\"https:\/\/artesvisuais-faalc.ufms.br\/files\/2024\/10\/14-300x180.png\" alt=\"\" width=\"300\" height=\"180\" srcset=\"https:\/\/artesvisuais-faalc.ufms.br\/files\/2024\/10\/14-300x180.png 300w, https:\/\/artesvisuais-faalc.ufms.br\/files\/2024\/10\/14.png 500w\" sizes=\"(max-width: 300px) 100vw, 300px\" \/><\/a><\/td>\n<td style=\"width: 59.8391%;height: 18px\"><strong>Rozana Vanessa Fagundes Valentim de Godoi<\/strong><br \/>\nrozana.godoi@ufms.br <a href=\"http:\/\/buscatextual.cnpq.br\/buscatextual\/visualizacv.do?id=K4258077A5&amp;tokenCaptchar=03AGdBq24uRLI4QZ_0gPlep-0CNX28k-ZHzHDoWIuWpWg_a0LlL_rTlk_sJYHhSkADryGT-ugOhNuyO5uoSRwsdrPB64hckK087k3IGXkhancP2CG5uOlQZaafIrJw0M4SWKDaKZNrzNGXViV62hbA-2cseEGc5u6DKtbnboM0ZswQGOhc4j8VLl92S-1YuWM4aAtNE1_jYFJKwEne879pzexx2JqteYikZfUc9zMZjoEsSIy6wfA-LYOAxo96EpNF2SDDrQZXtH1joPByNa3ig_-jClOLhFkvYlQ0-JQheuKUvs7KFPTkFEGiHlatXMqLZerO8SQEBRCYBEGH0npqN9Yw7qaD5EziZmSlAIglyhVZlfMzT6Qf79v9X0yxXFEHayToLeU9eUnD00oiF2dSuGTCBQSRfk102vN1cZm-fnkaQg_7oY1NC-fpv5gJGDVo8pG1OzpW9y5icqL1vBzv0jQgVAtdwjXMgA\">Curr\u00edculo Lattes<\/a><\/td>\n<\/tr>\n<tr style=\"height: 200px\">\n<td style=\"width: 40.1609%;height: 10px;text-align: center\"><a href=\"https:\/\/artesvisuais-faalc.ufms.br\/files\/2024\/10\/prof-av-4.png\"><img loading=\"lazy\" decoding=\"async\" class=\"alignnone size-medium wp-image-5332\" src=\"https:\/\/artesvisuais-faalc.ufms.br\/files\/2024\/10\/prof-av-4-300x180.png\" alt=\"\" width=\"300\" height=\"180\" srcset=\"https:\/\/artesvisuais-faalc.ufms.br\/files\/2024\/10\/prof-av-4-300x180.png 300w, https:\/\/artesvisuais-faalc.ufms.br\/files\/2024\/10\/prof-av-4.png 500w\" sizes=\"(max-width: 300px) 100vw, 300px\" \/><\/a><\/td>\n<td style=\"width: 59.8391%;height: 10px\"><strong>Sergio de Moraes Bonilha Filho<\/strong><br \/>\nsergio.bonilha@ufms.br <a href=\"http:\/\/buscatextual.cnpq.br\/buscatextual\/visualizacv.do?id=K4211392T0\">Curr\u00edculo Lattes<\/a><\/td>\n<\/tr>\n<tr style=\"height: 200px\">\n<td style=\"width: 40.1609%;height: 10px;text-align: center\"><a href=\"https:\/\/artesvisuais-faalc.ufms.br\/files\/2024\/10\/13-1.png\"><img loading=\"lazy\" decoding=\"async\" class=\"alignnone size-medium wp-image-5361\" src=\"https:\/\/artesvisuais-faalc.ufms.br\/files\/2024\/10\/13-1-300x180.png\" alt=\"\" width=\"300\" height=\"180\" srcset=\"https:\/\/artesvisuais-faalc.ufms.br\/files\/2024\/10\/13-1-300x180.png 300w, https:\/\/artesvisuais-faalc.ufms.br\/files\/2024\/10\/13-1.png 500w\" sizes=\"(max-width: 300px) 100vw, 300px\" \/><\/a><\/td>\n<td style=\"width: 59.8391%;height: 10px\"><strong>Simone Rocha de Abreu<\/strong><br \/>\nsimone.rocha.abreu@ufms.br <a href=\"http:\/\/buscatextual.cnpq.br\/buscatextual\/visualizacv.do?id=K4734408J1&amp;tokenCaptchar=03AERD8Xp85u2qfMLaGVF-73l22_93qBP3SyBWvFOoge6-4YE6d_7U3AF5sSISLxfG3MggjaSu1B7atPx0PDOhvm4auQ-jzPFDg4pT2Q54Hmz0OSlu-9PP0ZcnMdlGxuMRvA5aEFVlCKlLl8CCEEm8RO2A9TYjLcbyjVIWKGioGw_bJbfoMn3jUX4ha6VcYpw2qYhO5tXKzQEfVooxh6D9U8skDgf_Opo4gAktjB1qJDcJA5VYDMP7RxsgSVZgbKk9WoUaQLWh-1gdXsGqzg6VO3Q5dI9Ifl5XY0fXT_CcrqhEw9-OeJoIudjl2Fqc1iOvPTZ5YRunp7HfDWz2xpT_UhTEtxQetR0En2m8H1EKimrcChZboQDmFD-BdX34JRo8xoonc2lNrwsUkR8OJQ2c9-vN8aP5YrKzvw\">Curr\u00edculo Lattes<\/a><\/td>\n<\/tr>\n<tr style=\"height: 200px\">\n<td style=\"width: 40.1609%;height: 10px;text-align: center\"><a href=\"https:\/\/artesvisuais-faalc.ufms.br\/files\/2024\/10\/prof-av-12.png\"><img loading=\"lazy\" decoding=\"async\" class=\"alignnone size-medium wp-image-5334\" src=\"https:\/\/artesvisuais-faalc.ufms.br\/files\/2024\/10\/prof-av-12-300x180.png\" alt=\"\" width=\"300\" height=\"180\" srcset=\"https:\/\/artesvisuais-faalc.ufms.br\/files\/2024\/10\/prof-av-12-300x180.png 300w, https:\/\/artesvisuais-faalc.ufms.br\/files\/2024\/10\/prof-av-12.png 500w\" sizes=\"(max-width: 300px) 100vw, 300px\" \/><\/a><\/td>\n<td style=\"width: 59.8391%;height: 10px\"><strong>Venise Paschoal de Melo<\/strong><br \/>\nvenise.melo@ufms.br <a href=\"http:\/\/buscatextual.cnpq.br\/buscatextual\/visualizacv.do?id=K4221733D8\">Curr\u00edculo Lattes<\/a><\/td>\n<\/tr>\n<tr style=\"height: 48px\">\n<td style=\"width: 40.1609%;height: 10px;text-align: center\"><a href=\"https:\/\/artesvisuais-faalc.ufms.br\/files\/2024\/10\/prof-av-13.png\"><img loading=\"lazy\" decoding=\"async\" class=\"alignnone size-medium wp-image-5335\" src=\"https:\/\/artesvisuais-faalc.ufms.br\/files\/2024\/10\/prof-av-13-300x180.png\" alt=\"\" width=\"300\" height=\"180\" srcset=\"https:\/\/artesvisuais-faalc.ufms.br\/files\/2024\/10\/prof-av-13-300x180.png 300w, https:\/\/artesvisuais-faalc.ufms.br\/files\/2024\/10\/prof-av-13.png 500w\" sizes=\"(max-width: 300px) 100vw, 300px\" \/><\/a><\/td>\n<td style=\"width: 59.8391%;height: 10px\"><strong>Vera Lucia Penzo Fernandes<\/strong><br \/>\nvera.penzo@ufms.br <a href=\"http:\/\/lattes.cnpq.br\/6679510663681189\">Curr\u00edculo Lattes<\/a><\/td>\n<\/tr>\n<\/tbody>\n<\/table>\n<p>&nbsp;<\/p>\n<p>&nbsp;<\/p>\n","protected":false},"excerpt":{"rendered":"<p>Constan\u00e7a Maria Lima de Almeida Lucas constanca.lucas@ufms.br Curr\u00edculo Lattes Elomar Bakonyi elomar.bakonyi@ufms.br Curr\u00edculo Lattes Felipe Corr\u00eaa Bomfim felipe.bomfim@ufms.br Curr\u00edculo Lattes Isaac Antonio Camargo isaac.camargo@ufms.br Curr\u00edculo Lattes Joaquim S\u00e9rgio Borgato joaquim.borgato@ufms.br Curr\u00edculo Lattes Maria Alice Porto Rossi alice.rossi@ufms.br Curr\u00edculo Lattes Paulo C\u00e9sar Antonini de Souza paulo.antonini@ufms.br Curr\u00edculo Lattes Paulo C\u00e9sar Duarte Paes paulo.paes@ufms.br Curr\u00edculo Lattes Priscila [&hellip;]<\/p>\n","protected":false},"author":55057,"featured_media":0,"parent":0,"menu_order":0,"comment_status":"closed","ping_status":"closed","template":"","meta":{"footnotes":""},"coauthors":[],"class_list":["post-5024","page","type-page","status-publish","hentry"],"_links":{"self":[{"href":"https:\/\/artesvisuais-faalc.ufms.br\/en\/wp-json\/wp\/v2\/pages\/5024","targetHints":{"allow":["GET"]}}],"collection":[{"href":"https:\/\/artesvisuais-faalc.ufms.br\/en\/wp-json\/wp\/v2\/pages"}],"about":[{"href":"https:\/\/artesvisuais-faalc.ufms.br\/en\/wp-json\/wp\/v2\/types\/page"}],"author":[{"embeddable":true,"href":"https:\/\/artesvisuais-faalc.ufms.br\/en\/wp-json\/wp\/v2\/users\/55057"}],"replies":[{"embeddable":true,"href":"https:\/\/artesvisuais-faalc.ufms.br\/en\/wp-json\/wp\/v2\/comments?post=5024"}],"version-history":[{"count":7,"href":"https:\/\/artesvisuais-faalc.ufms.br\/en\/wp-json\/wp\/v2\/pages\/5024\/revisions"}],"predecessor-version":[{"id":5363,"href":"https:\/\/artesvisuais-faalc.ufms.br\/en\/wp-json\/wp\/v2\/pages\/5024\/revisions\/5363"}],"wp:attachment":[{"href":"https:\/\/artesvisuais-faalc.ufms.br\/en\/wp-json\/wp\/v2\/media?parent=5024"}],"wp:term":[{"taxonomy":"author","embeddable":true,"href":"https:\/\/artesvisuais-faalc.ufms.br\/en\/wp-json\/wp\/v2\/coauthors?post=5024"}],"curies":[{"name":"wp","href":"https:\/\/api.w.org\/{rel}","templated":true}]}}