{"id":5008,"date":"2024-09-26T11:04:21","date_gmt":"2024-09-26T15:04:21","guid":{"rendered":"https:\/\/artesvisuais-faalc.ufms.br\/?page_id=5008"},"modified":"2025-05-12T10:01:08","modified_gmt":"2025-05-12T14:01:08","slug":"centro-academico","status":"publish","type":"page","link":"https:\/\/artesvisuais-faalc.ufms.br\/en\/centro-academico\/","title":{"rendered":"Centro Acad\u00eamico"},"content":{"rendered":"<p><a href=\"https:\/\/artesvisuais-faalc.ufms.br\/files\/2025\/05\/CAAV-Logo.png\"><img fetchpriority=\"high\" decoding=\"async\" class=\"wp-image-5719 aligncenter\" src=\"https:\/\/artesvisuais-faalc.ufms.br\/files\/2025\/05\/CAAV-Logo-1024x1024.png\" alt=\"\" width=\"343\" height=\"343\" srcset=\"https:\/\/artesvisuais-faalc.ufms.br\/files\/2025\/05\/CAAV-Logo-1024x1024.png 1024w, https:\/\/artesvisuais-faalc.ufms.br\/files\/2025\/05\/CAAV-Logo-300x300.png 300w, https:\/\/artesvisuais-faalc.ufms.br\/files\/2025\/05\/CAAV-Logo-150x150.png 150w, https:\/\/artesvisuais-faalc.ufms.br\/files\/2025\/05\/CAAV-Logo-768x768.png 768w, https:\/\/artesvisuais-faalc.ufms.br\/files\/2025\/05\/CAAV-Logo-1536x1536.png 1536w, https:\/\/artesvisuais-faalc.ufms.br\/files\/2025\/05\/CAAV-Logo-2048x2048.png 2048w, https:\/\/artesvisuais-faalc.ufms.br\/files\/2025\/05\/CAAV-Logo-320x320.png 320w\" sizes=\"(max-width: 343px) 100vw, 343px\" \/><\/a><\/p>\n<h3 style=\"text-align: center\"><strong>C.A.A.V. \u2013 Centro Acad\u00eamico de Artes Visuais<\/strong><\/h3>\n<p style=\"text-align: center\">Instagram: @caav.ufms | E-mail: caav.ufms@gmail.com<\/p>\n<p>&nbsp;<\/p>\n<p>O Centro Acad\u00eamico de Artes Visuais (CAAV) \u00e9 uma uni\u00e3o entre discentes, por discentes e para discentes. O CAAV, em todas as suas gest\u00f5es, atua como uma via de comunica\u00e7\u00e3o entre Coordena\u00e7\u00e3o de Curso e Dire\u00e7\u00e3o da FAALC para os estudantes. Al\u00e9m disso, promove intera\u00e7\u00e3o entre as diferentes modalidades do curso de Artes Visuais (Licenciatura e Bacharelado) e demais cursos da UFMS atrav\u00e9s de a\u00e7\u00f5es como o Sararte, um evento de exposi\u00e7\u00e3o de produ\u00e7\u00f5es art\u00edsticas e apresenta\u00e7\u00f5es culturais.<\/p>\n<p>A atual gest\u00e3o estar\u00e1 sendo coordenada pela Chapa Ba\u00eds, durante o ano de 2025.<\/p>\n","protected":false},"excerpt":{"rendered":"<p>C.A.A.V. \u2013 Centro Acad\u00eamico de Artes Visuais Instagram: @caav.ufms | E-mail: caav.ufms@gmail.com &nbsp; O Centro Acad\u00eamico de Artes Visuais (CAAV) \u00e9 uma uni\u00e3o entre discentes, por discentes e para discentes. O CAAV, em todas as suas gest\u00f5es, atua como uma via de comunica\u00e7\u00e3o entre Coordena\u00e7\u00e3o de Curso e Dire\u00e7\u00e3o da FAALC para os estudantes. Al\u00e9m [&hellip;]<\/p>\n","protected":false},"author":55057,"featured_media":0,"parent":0,"menu_order":0,"comment_status":"closed","ping_status":"closed","template":"","meta":{"footnotes":""},"coauthors":[18],"class_list":["post-5008","page","type-page","status-publish","hentry"],"_links":{"self":[{"href":"https:\/\/artesvisuais-faalc.ufms.br\/en\/wp-json\/wp\/v2\/pages\/5008","targetHints":{"allow":["GET"]}}],"collection":[{"href":"https:\/\/artesvisuais-faalc.ufms.br\/en\/wp-json\/wp\/v2\/pages"}],"about":[{"href":"https:\/\/artesvisuais-faalc.ufms.br\/en\/wp-json\/wp\/v2\/types\/page"}],"author":[{"embeddable":true,"href":"https:\/\/artesvisuais-faalc.ufms.br\/en\/wp-json\/wp\/v2\/users\/55057"}],"replies":[{"embeddable":true,"href":"https:\/\/artesvisuais-faalc.ufms.br\/en\/wp-json\/wp\/v2\/comments?post=5008"}],"version-history":[{"count":9,"href":"https:\/\/artesvisuais-faalc.ufms.br\/en\/wp-json\/wp\/v2\/pages\/5008\/revisions"}],"predecessor-version":[{"id":5721,"href":"https:\/\/artesvisuais-faalc.ufms.br\/en\/wp-json\/wp\/v2\/pages\/5008\/revisions\/5721"}],"wp:attachment":[{"href":"https:\/\/artesvisuais-faalc.ufms.br\/en\/wp-json\/wp\/v2\/media?parent=5008"}],"wp:term":[{"taxonomy":"author","embeddable":true,"href":"https:\/\/artesvisuais-faalc.ufms.br\/en\/wp-json\/wp\/v2\/coauthors?post=5008"}],"curies":[{"name":"wp","href":"https:\/\/api.w.org\/{rel}","templated":true}]}}