{"id":4469,"date":"2020-01-21T14:31:16","date_gmt":"2020-01-21T18:31:16","guid":{"rendered":"https:\/\/artesvisuais.ufms.br\/?page_id=4469"},"modified":"2025-05-12T11:07:40","modified_gmt":"2025-05-12T15:07:40","slug":"inicio","status":"publish","type":"page","link":"https:\/\/artesvisuais-faalc.ufms.br\/en\/","title":{"rendered":""},"content":{"rendered":"<h3><a href=\"https:\/\/artesvisuais-faalc.ufms.br\/files\/2025\/05\/COLORIDOBRANCO-.png\"><img fetchpriority=\"high\" decoding=\"async\" class=\"wp-image-5735 size-large aligncenter\" src=\"https:\/\/artesvisuais-faalc.ufms.br\/files\/2025\/05\/COLORIDOBRANCO--e1747062108479-1024x239.png\" alt=\"\" width=\"1024\" height=\"239\" srcset=\"https:\/\/artesvisuais-faalc.ufms.br\/files\/2025\/05\/COLORIDOBRANCO--e1747062108479-1024x239.png 1024w, https:\/\/artesvisuais-faalc.ufms.br\/files\/2025\/05\/COLORIDOBRANCO--e1747062108479-300x70.png 300w, https:\/\/artesvisuais-faalc.ufms.br\/files\/2025\/05\/COLORIDOBRANCO--e1747062108479-768x179.png 768w, https:\/\/artesvisuais-faalc.ufms.br\/files\/2025\/05\/COLORIDOBRANCO--e1747062108479-1536x358.png 1536w, https:\/\/artesvisuais-faalc.ufms.br\/files\/2025\/05\/COLORIDOBRANCO--e1747062108479-730x170.png 730w, https:\/\/artesvisuais-faalc.ufms.br\/files\/2025\/05\/COLORIDOBRANCO--e1747062108479.png 1920w\" sizes=\"(max-width: 1024px) 100vw, 1024px\" \/><\/a><\/h3>\n<p style=\"text-align: center\"><span style=\"font-size: 18px\">Instagram: @artesvisuaisufms | E-mail: visuais.faalc@ufms.br<\/span><\/p>\n<hr \/>\n<p>&nbsp;<\/p>\n<p>&nbsp;<\/p>\n<p><img decoding=\"async\" class=\"aligncenter wp-image-5469 size-full\" src=\"https:\/\/artesvisuais-faalc.ufms.br\/files\/2024\/10\/bn-site-topo.gif\" alt=\"\" width=\"1534\" height=\"529\" \/><\/p>\n<p>&nbsp;<\/p>\n<p style=\"text-align: left\"><span style=\"font-size: 14pt\">Como um dos cursos pioneiros da UFMS, o <strong>Curso de ARTES VISUAIS<\/strong>\u00a0deu seus primeiros passos em 1980, inicialmente como <strong>Educa\u00e7\u00e3o Art\u00edstica<\/strong>. Desde ent\u00e3o, tem se renovado continuamente, passando por importantes transforma\u00e7\u00f5es e adapta\u00e7\u00f5es, sempre alinhado \u00e0s tend\u00eancias do mercado e \u00e0s express\u00f5es art\u00edsticas.<\/span><\/p>\n<p style=\"text-align: left\"><span style=\"font-size: 14pt\">Na d\u00e9cada de 1990, o curso ganhou novo f\u00f4lego com a implanta\u00e7\u00e3o do Bacharelado em Artes Pl\u00e1sticas, novas oficinas, laborat\u00f3rios e um espa\u00e7o f\u00edsico ampliado. A transi\u00e7\u00e3o para Artes Visuais consolidou o curso como um dos mais completos do pa\u00eds, oferecendo tanto a licenciatura quanto o bacharelado, sempre em conson\u00e2ncia com a legisla\u00e7\u00e3o educacional mais recente.<\/span><\/p>\n<p>&nbsp;<\/p>\n<table style=\"border-collapse: collapse;width: 100%\">\n<tbody>\n<tr>\n<td style=\"width: 33.3333%\"><\/td>\n<td style=\"width: 33.3333%\"><iframe title=\"GAV | galeria de artes visuais\" width=\"500\" height=\"281\" src=\"https:\/\/www.youtube.com\/embed\/URr-jpVUJ5I?feature=oembed\" frameborder=\"0\" allow=\"accelerometer; autoplay; clipboard-write; encrypted-media; gyroscope; picture-in-picture; web-share\" referrerpolicy=\"strict-origin-when-cross-origin\" allowfullscreen><\/iframe><\/td>\n<td style=\"width: 33.3333%\"><\/td>\n<\/tr>\n<\/tbody>\n<\/table>\n<p>&nbsp;<\/p>\n<hr \/>\n<h3 style=\"text-align: center\">DESTAQUES<\/h3>\n<table style=\"border-collapse: collapse;width: 100%\">\n<tbody>\n<tr>\n<td style=\"width: 33.3333%;text-align: center\"><a href=\"https:\/\/artesvisuais-faalc.ufms.br\/divulgado-editais-de-selecao-para-professores-substitutos-nos-cursos-de-artes-visuais-e-audiovisual-faalc\/\" rel=\"noopener\"><img decoding=\"async\" class=\"alignnone wp-image-5661 size-full\" src=\"https:\/\/artesvisuais-faalc.ufms.br\/files\/2025\/01\/subs.-site-300x300-1.jpg\" alt=\"\" width=\"300\" height=\"300\" srcset=\"https:\/\/artesvisuais-faalc.ufms.br\/files\/2025\/01\/subs.-site-300x300-1.jpg 300w, https:\/\/artesvisuais-faalc.ufms.br\/files\/2025\/01\/subs.-site-300x300-1-150x150.jpg 150w\" sizes=\"(max-width: 300px) 100vw, 300px\" \/><\/a><\/td>\n<td style=\"width: 33.3333%;text-align: center\"><a href=\"https:\/\/artesvisuais-faalc.ufms.br\/files\/2024\/10\/NOVO_CURSOS_NOTA_5-17-2048x2044-1.png\" rel=\"noopener\"><img loading=\"lazy\" decoding=\"async\" class=\"alignnone wp-image-5616 size-medium\" src=\"https:\/\/artesvisuais-faalc.ufms.br\/files\/2024\/10\/NOVO_CURSOS_NOTA_5-17-2048x2044-1-300x300.png\" alt=\"\" width=\"300\" height=\"300\" srcset=\"https:\/\/artesvisuais-faalc.ufms.br\/files\/2024\/10\/NOVO_CURSOS_NOTA_5-17-2048x2044-1-300x300.png 300w, https:\/\/artesvisuais-faalc.ufms.br\/files\/2024\/10\/NOVO_CURSOS_NOTA_5-17-2048x2044-1-1024x1022.png 1024w, https:\/\/artesvisuais-faalc.ufms.br\/files\/2024\/10\/NOVO_CURSOS_NOTA_5-17-2048x2044-1-150x150.png 150w, https:\/\/artesvisuais-faalc.ufms.br\/files\/2024\/10\/NOVO_CURSOS_NOTA_5-17-2048x2044-1-768x767.png 768w, https:\/\/artesvisuais-faalc.ufms.br\/files\/2024\/10\/NOVO_CURSOS_NOTA_5-17-2048x2044-1-1536x1533.png 1536w, https:\/\/artesvisuais-faalc.ufms.br\/files\/2024\/10\/NOVO_CURSOS_NOTA_5-17-2048x2044-1-321x320.png 321w, https:\/\/artesvisuais-faalc.ufms.br\/files\/2024\/10\/NOVO_CURSOS_NOTA_5-17-2048x2044-1.png 2048w\" sizes=\"(max-width: 300px) 100vw, 300px\" \/><\/a><\/td>\n<td style=\"width: 33.3333%;text-align: center\"><a href=\"https:\/\/artesvisuais-faalc.ufms.br\/estudantes-de-artes-visuais-da-ufms-enriquecem-museu-de-ciencia-e-tecnologia-com-murais-tematicos\/\" rel=\"noopener\"><img loading=\"lazy\" decoding=\"async\" class=\"alignnone wp-image-5628 size-medium\" src=\"https:\/\/artesvisuais-faalc.ufms.br\/files\/2024\/10\/Paineis-Artes-Museu-300x300.png\" alt=\"\" width=\"300\" height=\"300\" srcset=\"https:\/\/artesvisuais-faalc.ufms.br\/files\/2024\/10\/Paineis-Artes-Museu-300x300.png 300w, https:\/\/artesvisuais-faalc.ufms.br\/files\/2024\/10\/Paineis-Artes-Museu-1024x1024.png 1024w, https:\/\/artesvisuais-faalc.ufms.br\/files\/2024\/10\/Paineis-Artes-Museu-150x150.png 150w, https:\/\/artesvisuais-faalc.ufms.br\/files\/2024\/10\/Paineis-Artes-Museu-768x768.png 768w, https:\/\/artesvisuais-faalc.ufms.br\/files\/2024\/10\/Paineis-Artes-Museu-320x320.png 320w, https:\/\/artesvisuais-faalc.ufms.br\/files\/2024\/10\/Paineis-Artes-Museu.png 1365w\" sizes=\"(max-width: 300px) 100vw, 300px\" \/><\/a><\/td>\n<\/tr>\n<\/tbody>\n<\/table>\n<table style=\"border-collapse: collapse;width: 100%\">\n<tbody>\n<tr>\n<td style=\"width: 33.3333%;text-align: center\">Divulgado Editais de Sele\u00e7\u00e3o para Professores Substitutos nos cursos de Artes Visuais e Audiovisual\/FAALC<\/td>\n<td style=\"width: 33.3333%;text-align: center\">Curso de Bacharelado em Artes Visuais<br \/>\nrecebe nota m\u00e1xima do MEC<\/td>\n<td style=\"width: 33.3333%;text-align: center\">Estudantes de Artes Visuais da UFMS enriquecem<br \/>\nMuseu de Ci\u00eancia e Tecnologia com murais tem\u00e1ticos<\/td>\n<\/tr>\n<\/tbody>\n<\/table>\n<h5 style=\"text-align: center\"><span style=\"font-size: 12pt\"><a href=\"https:\/\/artesvisuais-faalc.ufms.br\/noticias\/\">+ Veja mais not\u00edcias<\/a><\/span><\/h5>\n<hr \/>\n<p>&nbsp;<\/p>\n<table class=\" aligncenter\" style=\"border-collapse: collapse;width: 68.8168%\">\n<tbody>\n<tr>\n<td style=\"width: 33.3333%\"><a href=\"https:\/\/artesvisuais-faalc.ufms.br\/files\/2024\/10\/PORTFOLIO-ARTES-VISUAIS-BACHARELADO-2024.pdf\" target=\"_blank\" rel=\"noopener\"><img loading=\"lazy\" decoding=\"async\" class=\"alignleft wp-image-5154\" src=\"https:\/\/artesvisuais-faalc.ufms.br\/files\/2024\/10\/capa-potfolio-300x184.jpg\" alt=\"\" width=\"493\" height=\"302\" srcset=\"https:\/\/artesvisuais-faalc.ufms.br\/files\/2024\/10\/capa-potfolio-300x184.jpg 300w, https:\/\/artesvisuais-faalc.ufms.br\/files\/2024\/10\/capa-potfolio-1024x627.jpg 1024w, https:\/\/artesvisuais-faalc.ufms.br\/files\/2024\/10\/capa-potfolio-768x470.jpg 768w, https:\/\/artesvisuais-faalc.ufms.br\/files\/2024\/10\/capa-potfolio-1536x940.jpg 1536w, https:\/\/artesvisuais-faalc.ufms.br\/files\/2024\/10\/capa-potfolio-2048x1253.jpg 2048w, https:\/\/artesvisuais-faalc.ufms.br\/files\/2024\/10\/capa-potfolio-523x320.jpg 523w\" sizes=\"(max-width: 493px) 100vw, 493px\" \/><\/a><\/td>\n<td style=\"width: 3.58272%;text-align: left\"><\/td>\n<td style=\"width: 29.6498%;text-align: left\">\n<p style=\"text-align: left\">Apresentamos o <strong>PORTF\u00d3LIO DO BACHARELADO EM ARTES VISUAIS DA UFMS<\/strong>, com as principais atividades desenvolvidas nos \u00faltimos anos. De projetos de ensino a exposi\u00e7\u00f5es art\u00edsticas, voc\u00ea encontrar\u00e1 uma rica variedade de a\u00e7\u00f5es que conectam arte, educa\u00e7\u00e3o e criatividade.<\/p>\n<p style=\"text-align: left\">+ CLIQUE AO LADO E SAIBA MAIS<\/p>\n<\/td>\n<\/tr>\n<\/tbody>\n<\/table>\n<p>&nbsp;<\/p>\n","protected":false},"excerpt":{"rendered":"<p>Instagram: @artesvisuaisufms | E-mail: visuais.faalc@ufms.br &nbsp; &nbsp; &nbsp; Como um dos cursos pioneiros da UFMS, o Curso de ARTES VISUAIS\u00a0deu seus primeiros passos em 1980, inicialmente como Educa\u00e7\u00e3o Art\u00edstica. Desde ent\u00e3o, tem se renovado continuamente, passando por importantes transforma\u00e7\u00f5es e adapta\u00e7\u00f5es, sempre alinhado \u00e0s tend\u00eancias do mercado e \u00e0s express\u00f5es art\u00edsticas. Na d\u00e9cada de 1990, [&hellip;]<\/p>\n","protected":false},"author":26697,"featured_media":4825,"parent":0,"menu_order":0,"comment_status":"closed","ping_status":"closed","template":"page-templates\/full-width.php","meta":{"footnotes":""},"coauthors":[21],"class_list":["post-4469","page","type-page","status-publish","has-post-thumbnail","hentry"],"_links":{"self":[{"href":"https:\/\/artesvisuais-faalc.ufms.br\/en\/wp-json\/wp\/v2\/pages\/4469","targetHints":{"allow":["GET"]}}],"collection":[{"href":"https:\/\/artesvisuais-faalc.ufms.br\/en\/wp-json\/wp\/v2\/pages"}],"about":[{"href":"https:\/\/artesvisuais-faalc.ufms.br\/en\/wp-json\/wp\/v2\/types\/page"}],"author":[{"embeddable":true,"href":"https:\/\/artesvisuais-faalc.ufms.br\/en\/wp-json\/wp\/v2\/users\/26697"}],"replies":[{"embeddable":true,"href":"https:\/\/artesvisuais-faalc.ufms.br\/en\/wp-json\/wp\/v2\/comments?post=4469"}],"version-history":[{"count":187,"href":"https:\/\/artesvisuais-faalc.ufms.br\/en\/wp-json\/wp\/v2\/pages\/4469\/revisions"}],"predecessor-version":[{"id":5732,"href":"https:\/\/artesvisuais-faalc.ufms.br\/en\/wp-json\/wp\/v2\/pages\/4469\/revisions\/5732"}],"wp:featuredmedia":[{"embeddable":true,"href":"https:\/\/artesvisuais-faalc.ufms.br\/en\/wp-json\/wp\/v2\/media\/4825"}],"wp:attachment":[{"href":"https:\/\/artesvisuais-faalc.ufms.br\/en\/wp-json\/wp\/v2\/media?parent=4469"}],"wp:term":[{"taxonomy":"author","embeddable":true,"href":"https:\/\/artesvisuais-faalc.ufms.br\/en\/wp-json\/wp\/v2\/coauthors?post=4469"}],"curies":[{"name":"wp","href":"https:\/\/api.w.org\/{rel}","templated":true}]}}