{"id":2,"date":"2012-03-27T13:02:35","date_gmt":"2012-03-27T13:02:35","guid":{"rendered":"http:\/\/artesvisuais.draconis.ufms.br\/?page_id=2"},"modified":"2025-05-12T10:09:24","modified_gmt":"2025-05-12T14:09:24","slug":"historia-curso","status":"publish","type":"page","link":"https:\/\/artesvisuais-faalc.ufms.br\/en\/historia-curso\/","title":{"rendered":"Hist\u00f3ria do Curso"},"content":{"rendered":"<p><a href=\"https:\/\/artesvisuais-faalc.ufms.br\/files\/2024\/05\/440902940_1598082584288708_5466840721121330144_n.jpg\"><img fetchpriority=\"high\" decoding=\"async\" class=\"wp-image-4822 alignleft\" src=\"https:\/\/artesvisuais-faalc.ufms.br\/files\/2024\/05\/440902940_1598082584288708_5466840721121330144_n-300x225.jpg\" alt=\"\" width=\"357\" height=\"268\" srcset=\"https:\/\/artesvisuais-faalc.ufms.br\/files\/2024\/05\/440902940_1598082584288708_5466840721121330144_n-300x225.jpg 300w, https:\/\/artesvisuais-faalc.ufms.br\/files\/2024\/05\/440902940_1598082584288708_5466840721121330144_n-1024x768.jpg 1024w, https:\/\/artesvisuais-faalc.ufms.br\/files\/2024\/05\/440902940_1598082584288708_5466840721121330144_n-768x576.jpg 768w, https:\/\/artesvisuais-faalc.ufms.br\/files\/2024\/05\/440902940_1598082584288708_5466840721121330144_n-1536x1152.jpg 1536w, https:\/\/artesvisuais-faalc.ufms.br\/files\/2024\/05\/440902940_1598082584288708_5466840721121330144_n-427x320.jpg 427w, https:\/\/artesvisuais-faalc.ufms.br\/files\/2024\/05\/440902940_1598082584288708_5466840721121330144_n.jpg 1600w\" sizes=\"(max-width: 357px) 100vw, 357px\" \/><\/a><\/p>\n<p><a href=\"https:\/\/artesvisuais-faalc.ufms.br\/files\/2024\/10\/Lab-Escultura-2-scaled.jpeg\"><img decoding=\"async\" class=\"wp-image-5368 alignleft\" src=\"https:\/\/artesvisuais-faalc.ufms.br\/files\/2024\/10\/Lab-Escultura-2-300x169.jpeg\" alt=\"\" width=\"357\" height=\"201\" srcset=\"https:\/\/artesvisuais-faalc.ufms.br\/files\/2024\/10\/Lab-Escultura-2-300x169.jpeg 300w, https:\/\/artesvisuais-faalc.ufms.br\/files\/2024\/10\/Lab-Escultura-2-1024x577.jpeg 1024w, https:\/\/artesvisuais-faalc.ufms.br\/files\/2024\/10\/Lab-Escultura-2-768x432.jpeg 768w, https:\/\/artesvisuais-faalc.ufms.br\/files\/2024\/10\/Lab-Escultura-2-1536x865.jpeg 1536w, https:\/\/artesvisuais-faalc.ufms.br\/files\/2024\/10\/Lab-Escultura-2-2048x1153.jpeg 2048w, https:\/\/artesvisuais-faalc.ufms.br\/files\/2024\/10\/Lab-Escultura-2-568x320.jpeg 568w\" sizes=\"(max-width: 357px) 100vw, 357px\" \/><\/a><\/p>\n<p>O curso de Artes Visuais da Universidade Federal de Mato Grosso do Sul (UFMS) tem suas origens na cria\u00e7\u00e3o do curso de Licenciatura em Educa\u00e7\u00e3o Art\u00edstica, autorizado em 20 de outubro de 1980 pela Portaria RTR 91-A. O curso foi implantado em resposta a uma demanda da Secretaria de Educa\u00e7\u00e3o do Estado, que identificou a necessidade de formar professores para a disciplina de Educa\u00e7\u00e3o Art\u00edstica, que havia sido recentemente incorporada ao curr\u00edculo escolar pelo governo federal. \u00c0 \u00e9poca, muitos docentes que ministravam essa disciplina n\u00e3o possu\u00edam forma\u00e7\u00e3o espec\u00edfica, (em Campo Grande, tinha apenas uma professora com forma\u00e7\u00e3o na \u00e1rea) o que gerava lacunas significativas no ensino da arte para os estudantes da Educa\u00e7\u00e3o B\u00e1sica.<\/p>\n<p>A primeira turma iniciou suas atividades em 1981, e o curso foi oficialmente reconhecido pelo Minist\u00e9rio da Educa\u00e7\u00e3o (MEC) em 1984. Inicialmente, o curso oferecia forma\u00e7\u00e3o polivalente nas \u00e1reas de Artes Pl\u00e1sticas, Teatro e M\u00fasica, em conson\u00e2ncia com as diretrizes curriculares nacionais vigentes, que exigiam a forma\u00e7\u00e3o de professores com habilidades em v\u00e1rias linguagens art\u00edsticas.<\/p>\n<p>Nos anos 1990, o curso passou por uma s\u00e9rie de transforma\u00e7\u00f5es, com a cria\u00e7\u00e3o do Bacharelado em Artes Pl\u00e1sticas em 1991, e, entre 1999 e o ano de 2000, a mudan\u00e7a de nomenclatura de Licenciatura em Educa\u00e7\u00e3o Art\u00edstica para Licenciatura e Bacharelado em Artes Visuais. Essa transi\u00e7\u00e3o refletiu as mudan\u00e7as no campo da arte e da educa\u00e7\u00e3o art\u00edstica no Brasil, movendo-se para uma forma\u00e7\u00e3o mais espec\u00edfica e aprofundada em artes visuais.<\/p>\n<p>Durante essas d\u00e9cadas, o curso tamb\u00e9m viu melhorias significativas em sua infraestrutura, com a cria\u00e7\u00e3o de laborat\u00f3rios e espa\u00e7os adequados para as distintas linguagens. A parceria com institui\u00e7\u00f5es locais e a realiza\u00e7\u00e3o de projetos de extens\u00e3o consolidaram ainda mais o papel do curso na forma\u00e7\u00e3o de professores e bachar\u00e9is comprometidos com a Arte, as culturas e a educa\u00e7\u00e3o.<\/p>\n<p>O Curso, com a participa\u00e7\u00e3o de Docentes e Discentes tem sido propositor de maneiras m\u00faltiplas de pensar a Arte e compreender sua presen\u00e7a em Mato Grosso do Sul, tanto no di\u00e1logo entre os pares, como em a\u00e7\u00f5es voltadas ao Ensino, Pesquisa e Extens\u00e3o. Temos uma Galeria de Artes Visuais (GAV), como importante laborat\u00f3rio para a experi\u00eancia de curadorias, media\u00e7\u00f5es e organiza\u00e7\u00e3o de exposi\u00e7\u00f5es, al\u00e9m dos pain\u00e9is expositivos com os trabalhos desenvolvidos pelos acad\u00eamicos em disciplinas como: Pintura, Gravura e Desenho I e II.<\/p>\n<p>Grupos de Estudo e Pesquisas, s\u00e3o um importante conquista do curso ao longo de sua trajet\u00f3ria, al\u00e9m das linhas de pesquisas constru\u00eddas pelos seus docentes e da busca por melhores condi\u00e7\u00f5es para desenvolver suas aulas, projetos e pesquisas. Por falar em pesquisa, desde 2020 temos alocado na FAALC, o Mestrado Profissional em Artes \u2013 Prof-Artes, com a oferta de forma\u00e7\u00e3o continuada aos professores e professoras da Educa\u00e7\u00e3o B\u00e1sica.<\/p>\n<p>Hoje, o curso de Artes Visuais da UFMS \u00e9 uma refer\u00eancia na regi\u00e3o e o \u00fanico com ensino presencial, objetivando formar profissionais capazes de atuar tanto no ensino quanto na produ\u00e7\u00e3o art\u00edstica, sempre atentos \u00e0s demandas contempor\u00e2neas e \u00e0s inova\u00e7\u00f5es tecnol\u00f3gicas no campo das artes visuais.<\/p>\n<p>&nbsp;<\/p>\n<p>Profa. Dra. Simone Rocha de Abreu<br \/>\n<span style=\"font-size: 10pt\">Coordenadora dos Cursos de Artes Visuais<\/span><\/p>\n<p><a href=\"https:\/\/artesvisuais-faalc.ufms.br\/files\/2024\/05\/440785401_825182606306478_3628032650144941003_n-e1727231618582.jpg\"><img decoding=\"async\" class=\"alignnone wp-image-4825\" src=\"https:\/\/artesvisuais-faalc.ufms.br\/files\/2024\/05\/440785401_825182606306478_3628032650144941003_n-e1727231618582-300x104.jpg\" alt=\"\" width=\"782\" height=\"271\" srcset=\"https:\/\/artesvisuais-faalc.ufms.br\/files\/2024\/05\/440785401_825182606306478_3628032650144941003_n-e1727231618582-300x104.jpg 300w, https:\/\/artesvisuais-faalc.ufms.br\/files\/2024\/05\/440785401_825182606306478_3628032650144941003_n-e1727231618582-1024x353.jpg 1024w, https:\/\/artesvisuais-faalc.ufms.br\/files\/2024\/05\/440785401_825182606306478_3628032650144941003_n-e1727231618582-768x265.jpg 768w, https:\/\/artesvisuais-faalc.ufms.br\/files\/2024\/05\/440785401_825182606306478_3628032650144941003_n-e1727231618582-1536x530.jpg 1536w, https:\/\/artesvisuais-faalc.ufms.br\/files\/2024\/05\/440785401_825182606306478_3628032650144941003_n-e1727231618582-730x252.jpg 730w, https:\/\/artesvisuais-faalc.ufms.br\/files\/2024\/05\/440785401_825182606306478_3628032650144941003_n-e1727231618582.jpg 1600w\" sizes=\"(max-width: 782px) 100vw, 782px\" \/><\/a><\/p>\n","protected":false},"excerpt":{"rendered":"<p>O curso de Artes Visuais da Universidade Federal de Mato Grosso do Sul (UFMS) tem suas origens na cria\u00e7\u00e3o do curso de Licenciatura em Educa\u00e7\u00e3o Art\u00edstica, autorizado em 20 de outubro de 1980 pela Portaria RTR 91-A. O curso foi implantado em resposta a uma demanda da Secretaria de Educa\u00e7\u00e3o do Estado, que identificou a [&hellip;]<\/p>\n","protected":false},"author":66,"featured_media":0,"parent":0,"menu_order":0,"comment_status":"closed","ping_status":"closed","template":"","meta":{"footnotes":""},"coauthors":[19],"class_list":["post-2","page","type-page","status-publish","hentry"],"_links":{"self":[{"href":"https:\/\/artesvisuais-faalc.ufms.br\/en\/wp-json\/wp\/v2\/pages\/2","targetHints":{"allow":["GET"]}}],"collection":[{"href":"https:\/\/artesvisuais-faalc.ufms.br\/en\/wp-json\/wp\/v2\/pages"}],"about":[{"href":"https:\/\/artesvisuais-faalc.ufms.br\/en\/wp-json\/wp\/v2\/types\/page"}],"author":[{"embeddable":true,"href":"https:\/\/artesvisuais-faalc.ufms.br\/en\/wp-json\/wp\/v2\/users\/66"}],"replies":[{"embeddable":true,"href":"https:\/\/artesvisuais-faalc.ufms.br\/en\/wp-json\/wp\/v2\/comments?post=2"}],"version-history":[{"count":21,"href":"https:\/\/artesvisuais-faalc.ufms.br\/en\/wp-json\/wp\/v2\/pages\/2\/revisions"}],"predecessor-version":[{"id":5723,"href":"https:\/\/artesvisuais-faalc.ufms.br\/en\/wp-json\/wp\/v2\/pages\/2\/revisions\/5723"}],"wp:attachment":[{"href":"https:\/\/artesvisuais-faalc.ufms.br\/en\/wp-json\/wp\/v2\/media?parent=2"}],"wp:term":[{"taxonomy":"author","embeddable":true,"href":"https:\/\/artesvisuais-faalc.ufms.br\/en\/wp-json\/wp\/v2\/coauthors?post=2"}],"curies":[{"name":"wp","href":"https:\/\/api.w.org\/{rel}","templated":true}]}}