{"id":162,"date":"2012-04-04T14:05:39","date_gmt":"2012-04-04T14:05:39","guid":{"rendered":"http:\/\/artesvisuais.draconis.ufms.br\/?page_id=162"},"modified":"2025-05-12T10:16:49","modified_gmt":"2025-05-12T14:16:49","slug":"contato","status":"publish","type":"page","link":"https:\/\/artesvisuais-faalc.ufms.br\/en\/contato\/","title":{"rendered":"Contatos"},"content":{"rendered":"<p><strong>Coordena\u00e7\u00e3o do Curso de Artes Visuais:<\/strong><br \/>\nProfa. Dra. Simone Rocha de Abreu<\/p>\n<p><strong>E-mail:<\/strong> visuais.faalc@ufms.br<br \/>\n<strong>Telefone:<\/strong> 3345-3988<\/p>\n<p><strong>Hor\u00e1rio de atendimento:<\/strong><\/p>\n<table dir=\"ltr\" style=\"width: 59.7133%;height: 144px\" border=\"1\" cellspacing=\"0\" cellpadding=\"0\" data-sheets-root=\"1\">\n<tbody>\n<tr style=\"border-style: solid\">\n<td style=\"width: 35.8423%;height: 24px\"><strong>\u00a0 \u00a0Dias da semana<\/strong><\/td>\n<td style=\"width: 31.8996%;text-align: center;height: 24px\"><strong>7h &#8211; 11h<\/strong><\/td>\n<td style=\"width: 158.35%;text-align: center;height: 24px\"><strong>13h &#8211; 19h<\/strong><\/td>\n<\/tr>\n<tr style=\"border-style: solid;background-color: #ffffff\">\n<td style=\"width: 35.8423%;height: 24px\" data-sheets-value=\"{&quot;1&quot;:2,&quot;2&quot;:&quot;segunda-feira&quot;}\">\u00a0 \u00a0Segunda-feira<\/td>\n<td style=\"width: 31.8996%;background-color: #ffffff;height: 24px;text-align: center\" data-sheets-value=\"{&quot;1&quot;:2,&quot;2&quot;:&quot;teletrabalho&quot;}\"><\/td>\n<td style=\"width: 158.35%;text-align: center;height: 24px;background-color: #ffffff\" data-sheets-value=\"{&quot;1&quot;:2,&quot;2&quot;:&quot;teletrabalho&quot;}\"><\/td>\n<\/tr>\n<tr style=\"border-style: solid\">\n<td style=\"width: 35.8423%;height: 24px\" data-sheets-value=\"{&quot;1&quot;:2,&quot;2&quot;:&quot;ter\u00e7a-feira&quot;}\">\u00a0 \u00a0Ter\u00e7a-feira<\/td>\n<td style=\"width: 31.8996%;background-color: #41fa15;text-align: center;height: 24px\" data-sheets-value=\"{&quot;1&quot;:2,&quot;2&quot;:&quot;teletrabalho&quot;}\">presencial<\/td>\n<td style=\"width: 158.35%;text-align: center;height: 24px;background-color: #ffffff\" data-sheets-value=\"{&quot;1&quot;:2,&quot;2&quot;:&quot;teletrabalho&quot;}\"><\/td>\n<\/tr>\n<tr style=\"border-style: solid\">\n<td style=\"width: 35.8423%;height: 24px\" data-sheets-value=\"{&quot;1&quot;:2,&quot;2&quot;:&quot;quarta-feira&quot;}\">\u00a0 \u00a0Quarta-feira<\/td>\n<td style=\"width: 31.8996%;background-color: #41fa15;text-align: center;height: 24px\" data-sheets-value=\"{&quot;1&quot;:2,&quot;2&quot;:&quot;teletrabalho&quot;}\">presencial<\/td>\n<td style=\"width: 158.35%;height: 24px;background-color: #41fa15;text-align: center\" data-sheets-value=\"{&quot;1&quot;:2,&quot;2&quot;:&quot;presencial&quot;}\">presencial<\/td>\n<\/tr>\n<tr style=\"border-style: solid\">\n<td style=\"width: 35.8423%;height: 24px\" data-sheets-value=\"{&quot;1&quot;:2,&quot;2&quot;:&quot;quinta-feira&quot;}\">\u00a0 \u00a0Quinta-feira<\/td>\n<td style=\"width: 31.8996%;background-color: #41fa15;text-align: center;height: 24px\" data-sheets-value=\"{&quot;1&quot;:2,&quot;2&quot;:&quot;presencial&quot;}\">presencial<\/td>\n<td style=\"width: 158.35%;text-align: center;height: 24px;background-color: #ffffff\" data-sheets-value=\"{&quot;1&quot;:2,&quot;2&quot;:&quot;presencial&quot;}\"><\/td>\n<\/tr>\n<tr style=\"border-style: solid\">\n<td style=\"width: 35.8423%;height: 24px\" data-sheets-value=\"{&quot;1&quot;:2,&quot;2&quot;:&quot;sexta-feira&quot;}\">\u00a0 \u00a0Sexta-feira<\/td>\n<td style=\"width: 31.8996%;background-color: #ffffff;height: 24px;text-align: center\" data-sheets-value=\"{&quot;1&quot;:2,&quot;2&quot;:&quot;presencial&quot;}\"><\/td>\n<td style=\"width: 158.35%;text-align: center;height: 24px;background-color: #ffffff\" data-sheets-value=\"{&quot;1&quot;:2,&quot;2&quot;:&quot;presencial&quot;}\"><\/td>\n<\/tr>\n<\/tbody>\n<\/table>\n<p>&nbsp;<\/p>\n<p><strong>Secretaria:<\/strong><br \/>\nAlex Rangel<\/p>\n<p><strong>Telefone:<\/strong> 3345-7591<\/p>\n<p><strong>Hor\u00e1rio de atendimento:<\/strong><br \/>\nde segunda-feira a sexta-feira das\u00a0<strong>7h<\/strong>\u00a0\u00e0s\u00a0<strong>11h<\/strong>\u00a0e das 1<strong>3<\/strong>h \u00e0s\u00a0<strong>17h<\/strong><\/p>\n<table dir=\"ltr\" style=\"width: 59.7133%;height: 144px\" border=\"1\" cellspacing=\"0\" cellpadding=\"0\" data-sheets-root=\"1\">\n<tbody>\n<tr style=\"border-style: solid\">\n<td style=\"width: 35.8423%;height: 24px\"><strong>\u00a0 \u00a0Dias da semana<\/strong><\/td>\n<td style=\"width: 31.8996%;text-align: center;height: 24px\"><strong>7h &#8211; 11h<\/strong><\/td>\n<td style=\"width: 158.35%;text-align: center;height: 24px\"><strong>13h &#8211; 17h<\/strong><\/td>\n<\/tr>\n<tr style=\"border-style: solid\">\n<td style=\"width: 35.8423%;height: 24px\" data-sheets-value=\"{&quot;1&quot;:2,&quot;2&quot;:&quot;segunda-feira&quot;}\">\u00a0 \u00a0Segunda-feira<\/td>\n<td style=\"width: 31.8996%;background-color: #41fa15;text-align: center;height: 24px\" data-sheets-value=\"{&quot;1&quot;:2,&quot;2&quot;:&quot;teletrabalho&quot;}\">presencial<\/td>\n<td style=\"width: 158.35%;text-align: center;height: 24px;background-color: #0fdbf2\" data-sheets-value=\"{&quot;1&quot;:2,&quot;2&quot;:&quot;teletrabalho&quot;}\">remoto<\/td>\n<\/tr>\n<tr style=\"border-style: solid\">\n<td style=\"width: 35.8423%;height: 24px\" data-sheets-value=\"{&quot;1&quot;:2,&quot;2&quot;:&quot;ter\u00e7a-feira&quot;}\">\u00a0 \u00a0Ter\u00e7a-feira<\/td>\n<td style=\"width: 31.8996%;background-color: #41fa15;text-align: center;height: 24px\" data-sheets-value=\"{&quot;1&quot;:2,&quot;2&quot;:&quot;teletrabalho&quot;}\">presencial<\/td>\n<td style=\"width: 158.35%;text-align: center;height: 24px;background-color: #0fdbf2\" data-sheets-value=\"{&quot;1&quot;:2,&quot;2&quot;:&quot;teletrabalho&quot;}\">remoto<\/td>\n<\/tr>\n<tr style=\"border-style: solid\">\n<td style=\"width: 35.8423%;height: 24px\" data-sheets-value=\"{&quot;1&quot;:2,&quot;2&quot;:&quot;quarta-feira&quot;}\">\u00a0 \u00a0Quarta-feira<\/td>\n<td style=\"width: 31.8996%;background-color: #41fa15;text-align: center;height: 24px\" data-sheets-value=\"{&quot;1&quot;:2,&quot;2&quot;:&quot;teletrabalho&quot;}\">presencial<\/td>\n<td style=\"width: 158.35%;text-align: center;height: 24px;background-color: #0fdbf2\" data-sheets-value=\"{&quot;1&quot;:2,&quot;2&quot;:&quot;presencial&quot;}\">remoto<\/td>\n<\/tr>\n<tr style=\"border-style: solid\">\n<td style=\"width: 35.8423%;height: 24px\" data-sheets-value=\"{&quot;1&quot;:2,&quot;2&quot;:&quot;quinta-feira&quot;}\">\u00a0 \u00a0Quinta-feira<\/td>\n<td style=\"width: 31.8996%;background-color: #41fa15;text-align: center;height: 24px\" data-sheets-value=\"{&quot;1&quot;:2,&quot;2&quot;:&quot;presencial&quot;}\">presencial<\/td>\n<td style=\"width: 158.35%;text-align: center;height: 24px;background-color: #0fdbf2\" data-sheets-value=\"{&quot;1&quot;:2,&quot;2&quot;:&quot;presencial&quot;}\">remoto<\/td>\n<\/tr>\n<tr style=\"border-style: solid\">\n<td style=\"width: 35.8423%;height: 24px\" data-sheets-value=\"{&quot;1&quot;:2,&quot;2&quot;:&quot;sexta-feira&quot;}\">\u00a0 \u00a0Sexta-feira<\/td>\n<td style=\"width: 31.8996%;background-color: #41fa15;text-align: center;height: 24px\" data-sheets-value=\"{&quot;1&quot;:2,&quot;2&quot;:&quot;presencial&quot;}\">presencial<\/td>\n<td style=\"width: 158.35%;text-align: center;height: 24px;background-color: #0fdbf2\" data-sheets-value=\"{&quot;1&quot;:2,&quot;2&quot;:&quot;presencial&quot;}\">remoto<\/td>\n<\/tr>\n<\/tbody>\n<\/table>\n<p>&nbsp;<\/p>\n<p><strong>Endere\u00e7o:<br \/>\n<\/strong>Faculdade de Artes, Letras e Comunica\u00e7\u00e3o (FAALC) \u2013 Unidade 8<br \/>\nAv. Costa e Silva, s\/n\u00ba \u2013 Bairro Universit\u00e1rio CEP: 79070-900 Campo Grande\/MS<\/p>\n<p>&nbsp;<\/p>\n","protected":false},"excerpt":{"rendered":"<p>Coordena\u00e7\u00e3o do Curso de Artes Visuais: Profa. Dra. Simone Rocha de Abreu E-mail: visuais.faalc@ufms.br Telefone: 3345-3988 Hor\u00e1rio de atendimento: \u00a0 \u00a0Dias da semana 7h &#8211; 11h 13h &#8211; 19h \u00a0 \u00a0Segunda-feira \u00a0 \u00a0Ter\u00e7a-feira presencial \u00a0 \u00a0Quarta-feira presencial presencial \u00a0 \u00a0Quinta-feira presencial \u00a0 \u00a0Sexta-feira &nbsp; Secretaria: Alex Rangel Telefone: 3345-7591 Hor\u00e1rio de atendimento: de segunda-feira a [&hellip;]<\/p>\n","protected":false},"author":65,"featured_media":0,"parent":0,"menu_order":0,"comment_status":"closed","ping_status":"open","template":"","meta":{"footnotes":""},"coauthors":[17],"class_list":["post-162","page","type-page","status-publish","hentry"],"_links":{"self":[{"href":"https:\/\/artesvisuais-faalc.ufms.br\/en\/wp-json\/wp\/v2\/pages\/162","targetHints":{"allow":["GET"]}}],"collection":[{"href":"https:\/\/artesvisuais-faalc.ufms.br\/en\/wp-json\/wp\/v2\/pages"}],"about":[{"href":"https:\/\/artesvisuais-faalc.ufms.br\/en\/wp-json\/wp\/v2\/types\/page"}],"author":[{"embeddable":true,"href":"https:\/\/artesvisuais-faalc.ufms.br\/en\/wp-json\/wp\/v2\/users\/65"}],"replies":[{"embeddable":true,"href":"https:\/\/artesvisuais-faalc.ufms.br\/en\/wp-json\/wp\/v2\/comments?post=162"}],"version-history":[{"count":48,"href":"https:\/\/artesvisuais-faalc.ufms.br\/en\/wp-json\/wp\/v2\/pages\/162\/revisions"}],"predecessor-version":[{"id":5724,"href":"https:\/\/artesvisuais-faalc.ufms.br\/en\/wp-json\/wp\/v2\/pages\/162\/revisions\/5724"}],"wp:attachment":[{"href":"https:\/\/artesvisuais-faalc.ufms.br\/en\/wp-json\/wp\/v2\/media?parent=162"}],"wp:term":[{"taxonomy":"author","embeddable":true,"href":"https:\/\/artesvisuais-faalc.ufms.br\/en\/wp-json\/wp\/v2\/coauthors?post=162"}],"curies":[{"name":"wp","href":"https:\/\/api.w.org\/{rel}","templated":true}]}}